{"id":788,"date":"2015-11-02T18:26:36","date_gmt":"2015-11-02T18:26:36","guid":{"rendered":"http:\/\/192.168.43.175\/totemwpusa\/index.php\/home\/"},"modified":"2025-08-19T10:44:44","modified_gmt":"2025-08-19T10:44:44","slug":"home","status":"publish","type":"page","link":"https:\/\/www.totemmt.com\/es\/","title":{"rendered":"Totem\u00ae MT | Material de escalada | Tienda"},"content":{"rendered":"<div class=\"bxslider-home\">\n<div>\n<img decoding=\"async\" class=\"home-slider-desktop\" src=\"https:\/\/www.totemmt.com\/wp-content\/uploads\/2020\/04\/TotemCam080_desktop.jpg\"><br \/>\n<a class=\"home-slider-mobile\" href=\"https:\/\/www.totemmt.com\/es\/producto\/totem-cam\/\"><img decoding=\"async\" src=\"https:\/\/www.totemmt.com\/wp-content\/uploads\/2020\/04\/TotemCam080_mobile.jpg\"><\/a><\/p>\n<div class=\"home-slider home-slider1\">\n<p class=\"home-slider-text1\">TOTEM CAM<br \/>\nel nuevo est\u00e1ndar<\/p>\n<p class=\"home-slider-button\"><a class=\"button alt\" href=\"https:\/\/www.totemmt.com\/es\/producto\/totem-cam\/\">M\u00e1s info <i class=\"fa fa-shopping-cart\"><\/i><\/a><\/p>\n<p class=\"home-slider-text1 worldwide-shipping-desktop rest_world\"><em>Entrega en 24\/48 horas<\/em><\/p>\n<p class=\"home-slider-text1 worldwide-shipping-desktop US\"><em>Entrega en 72 horas!!<\/em><\/p>\n<\/div>\n<div class=\"worldwide-shipping-mobile rest_world\"><em>Entrega en 24\/48 horas!!<\/em><\/div>\n<div class=\"worldwide-shipping-mobile US\"><em>Entrega en 72 horas!!<\/em><\/div>\n<\/div>\n<div><img decoding=\"async\" class=\"home-slider-desktop\" src=\"https:\/\/www.totemmt.com\/wp-content\/uploads\/2025\/06\/TMLLAVEROS_paredblanca.webp\"><br \/>\n    <a class=\"home-slider-mobile\" href=\"https:\/\/www.totemmt.com\/2020\/11\/salathe-wall\/\"><img decoding=\"async\" src=\"https:\/\/www.totemmt.com\/wp-content\/uploads\/llaveros\/TMLLAVEROS_paredblanca.webp\"><\/a><\/p>\n<div class=\"home-slider home-slider1\">\n<p class=\"home-slider-text1\">Obt\u00e9n un llavero con una compra m\u00ednima de tres TOTEM CAMs<\/p>\n<p class=\"home-slider-button\"><a class=\"button alt\" href=\"https:\/\/www.totemmt.com\/product\/totem-cam\">Comprar ahora <i class=\"fa fa-shopping-cart\"><\/i><\/a><\/p>\n<\/p><\/div>\n<\/p><\/div>\n<div><img decoding=\"async\" class=\"home-slider-desktop\" src=\"https:\/\/www.totemmt.com\/wp-content\/uploads\/2025\/05\/27A7698_Crown%20Royale_2nd.webp\"><br \/>\n    <a class=\"home-slider-mobile\" href=\"https:\/\/www.totemmt.com\/2020\/11\/salathe-wall\/\"><img decoding=\"async\" src=\"https:\/\/www.totemmt.com\/wp-content\/uploads\/2025\/05\/27A7698_Crown%20Royale_2nd.webp\"><\/a><\/p>\n<div class=\"home-slider home-slider2\">\n<p class=\"home-slider-text2\">Crown Royale, 9a trad. Segunda ascensi\u00f3n por Jernej Kruder<\/p>\n<p class=\"home-slider-button\"><a class=\"button alt\" href=\"https:\/\/www.totemmt.com\/2025\/05\/crown-royale-9a-trad-second-ascent-by-jernej-kruder\/\">Leer m\u00e1s<\/a><\/p>\n<\/p><\/div>\n<\/p><\/div>\n<\/div>\n","protected":false},"excerpt":{"rendered":"<p>TOTEM CAM el nuevo est\u00e1ndar M\u00e1s info Entrega en 24\/48 horas Entrega en 72 horas!! Entrega en 24\/48 horas!! Entrega en 72 horas!! Obt\u00e9n un llavero con una compra m\u00ednima de tres TOTEM CAMs Comprar ahora Crown Royale, 9a trad. Segunda ascensi\u00f3n por Jernej Kruder Leer m\u00e1s<\/p>\n","protected":false},"author":1,"featured_media":0,"parent":0,"menu_order":0,"comment_status":"closed","ping_status":"closed","template":"template-fullwidth.php","meta":{"footnotes":""},"class_list":["post-788","page","type-page","status-publish","hentry"],"yoast_head":"<!-- This site is optimized with the Yoast SEO plugin v25.8 - https:\/\/yoast.com\/wordpress\/plugins\/seo\/ -->\n<title>Totem \u00ae MT - Material de escalada - Tienda<\/title>\n<meta name=\"description\" content=\"Totem MT fabrica material de escalada de altas prestaciones. El Totem Cam ha sido nuestra primera aportaci\u00f3n.\" \/>\n<meta name=\"robots\" content=\"index, follow, max-snippet:-1, max-image-preview:large, max-video-preview:-1\" \/>\n<link rel=\"canonical\" href=\"https:\/\/www.totemmt.com\/es\/\" \/>\n<meta property=\"og:locale\" content=\"es_ES\" \/>\n<meta property=\"og:type\" content=\"article\" \/>\n<meta property=\"og:title\" content=\"Totem \u00ae MT - Material de escalada - Tienda\" \/>\n<meta property=\"og:description\" content=\"Totem MT fabrica material de escalada de altas prestaciones. El Totem Cam ha sido nuestra primera aportaci\u00f3n.\" \/>\n<meta property=\"og:url\" content=\"https:\/\/www.totemmt.com\/es\/\" \/>\n<meta property=\"og:site_name\" content=\"Totem MT | Totem Cam manufacturer | Shop\" \/>\n<meta property=\"article:publisher\" content=\"https:\/\/www.facebook.com\/totemcams\" \/>\n<meta property=\"article:modified_time\" content=\"2025-08-19T10:44:44+00:00\" \/>\n<meta property=\"og:image\" content=\"https:\/\/www.totemmt.com\/wp-content\/uploads\/2020\/04\/TotemCam080_desktop.jpg\" \/>\n<meta name=\"twitter:card\" content=\"summary_large_image\" \/>\n<meta name=\"twitter:site\" content=\"@totemmt\" \/>\n<meta name=\"twitter:label1\" content=\"Est. reading time\" \/>\n\t<meta name=\"twitter:data1\" content=\"2 minutos\" \/>\n<script type=\"application\/ld+json\" class=\"yoast-schema-graph\">{\"@context\":\"https:\/\/schema.org\",\"@graph\":[{\"@type\":\"WebPage\",\"@id\":\"https:\/\/www.totemmt.com\/es\/\",\"url\":\"https:\/\/www.totemmt.com\/es\/\",\"name\":\"Totem \u00ae MT - Material de escalada - Tienda\",\"isPartOf\":{\"@id\":\"https:\/\/www.totemmt.com\/#website\"},\"primaryImageOfPage\":{\"@id\":\"https:\/\/www.totemmt.com\/es\/#primaryimage\"},\"image\":{\"@id\":\"https:\/\/www.totemmt.com\/es\/#primaryimage\"},\"thumbnailUrl\":\"https:\/\/www.totemmt.com\/wp-content\/uploads\/2020\/04\/TotemCam080_desktop.jpg\",\"datePublished\":\"2015-11-02T18:26:36+00:00\",\"dateModified\":\"2025-08-19T10:44:44+00:00\",\"description\":\"Totem MT fabrica material de escalada de altas prestaciones. El Totem Cam ha sido nuestra primera aportaci\u00f3n.\",\"breadcrumb\":{\"@id\":\"https:\/\/www.totemmt.com\/es\/#breadcrumb\"},\"inLanguage\":\"es\",\"potentialAction\":[{\"@type\":\"ReadAction\",\"target\":[\"https:\/\/www.totemmt.com\/es\/\"]}]},{\"@type\":\"ImageObject\",\"inLanguage\":\"es\",\"@id\":\"https:\/\/www.totemmt.com\/es\/#primaryimage\",\"url\":\"https:\/\/www.totemmt.com\/wp-content\/uploads\/2020\/04\/TotemCam080_desktop.jpg\",\"contentUrl\":\"https:\/\/www.totemmt.com\/wp-content\/uploads\/2020\/04\/TotemCam080_desktop.jpg\"},{\"@type\":\"BreadcrumbList\",\"@id\":\"https:\/\/www.totemmt.com\/es\/#breadcrumb\",\"itemListElement\":[{\"@type\":\"ListItem\",\"position\":1,\"name\":\"Home\",\"item\":\"https:\/\/www.totemmt.com\/es\/\"},{\"@type\":\"ListItem\",\"position\":2,\"name\":\"Totem\u00ae MT | Material de escalada | Tienda\"}]},{\"@type\":\"WebSite\",\"@id\":\"https:\/\/www.totemmt.com\/#website\",\"url\":\"https:\/\/www.totemmt.com\/\",\"name\":\"Totem MT | Totem Cam manufacturer | Shop\",\"description\":\"Manufacturer of high performance climbing gear.\",\"publisher\":{\"@id\":\"https:\/\/www.totemmt.com\/#organization\"},\"potentialAction\":[{\"@type\":\"SearchAction\",\"target\":{\"@type\":\"EntryPoint\",\"urlTemplate\":\"https:\/\/www.totemmt.com\/?s={search_term_string}\"},\"query-input\":{\"@type\":\"PropertyValueSpecification\",\"valueRequired\":true,\"valueName\":\"search_term_string\"}}],\"inLanguage\":\"es\"},{\"@type\":\"Organization\",\"@id\":\"https:\/\/www.totemmt.com\/#organization\",\"name\":\"Totem MT | Totem Cam manufacturer | Shop\",\"url\":\"https:\/\/www.totemmt.com\/\",\"logo\":{\"@type\":\"ImageObject\",\"inLanguage\":\"es\",\"@id\":\"https:\/\/www.totemmt.com\/#\/schema\/logo\/image\/\",\"url\":\"https:\/\/www.totemmt.com\/wp-content\/uploads\/2018\/05\/TotemLogo.png\",\"contentUrl\":\"https:\/\/www.totemmt.com\/wp-content\/uploads\/2018\/05\/TotemLogo.png\",\"width\":364,\"height\":138,\"caption\":\"Totem MT | Totem Cam manufacturer | Shop\"},\"image\":{\"@id\":\"https:\/\/www.totemmt.com\/#\/schema\/logo\/image\/\"},\"sameAs\":[\"https:\/\/www.facebook.com\/totemcams\",\"https:\/\/x.com\/totemmt\",\"https:\/\/instagram.com\/totemmt\/\",\"https:\/\/www.youtube.com\/totemmt\"]}]}<\/script>\n<!-- \/ Yoast SEO plugin. -->","yoast_head_json":{"title":"Totem \u00ae MT - Material de escalada - Tienda","description":"Totem MT fabrica material de escalada de altas prestaciones. El Totem Cam ha sido nuestra primera aportaci\u00f3n.","robots":{"index":"index","follow":"follow","max-snippet":"max-snippet:-1","max-image-preview":"max-image-preview:large","max-video-preview":"max-video-preview:-1"},"canonical":"https:\/\/www.totemmt.com\/es\/","og_locale":"es_ES","og_type":"article","og_title":"Totem \u00ae MT - Material de escalada - Tienda","og_description":"Totem MT fabrica material de escalada de altas prestaciones. El Totem Cam ha sido nuestra primera aportaci\u00f3n.","og_url":"https:\/\/www.totemmt.com\/es\/","og_site_name":"Totem MT | Totem Cam manufacturer | Shop","article_publisher":"https:\/\/www.facebook.com\/totemcams","article_modified_time":"2025-08-19T10:44:44+00:00","og_image":[{"url":"https:\/\/www.totemmt.com\/wp-content\/uploads\/2020\/04\/TotemCam080_desktop.jpg","type":"","width":"","height":""}],"twitter_card":"summary_large_image","twitter_site":"@totemmt","twitter_misc":{"Est. reading time":"2 minutos"},"schema":{"@context":"https:\/\/schema.org","@graph":[{"@type":"WebPage","@id":"https:\/\/www.totemmt.com\/es\/","url":"https:\/\/www.totemmt.com\/es\/","name":"Totem \u00ae MT - Material de escalada - Tienda","isPartOf":{"@id":"https:\/\/www.totemmt.com\/#website"},"primaryImageOfPage":{"@id":"https:\/\/www.totemmt.com\/es\/#primaryimage"},"image":{"@id":"https:\/\/www.totemmt.com\/es\/#primaryimage"},"thumbnailUrl":"https:\/\/www.totemmt.com\/wp-content\/uploads\/2020\/04\/TotemCam080_desktop.jpg","datePublished":"2015-11-02T18:26:36+00:00","dateModified":"2025-08-19T10:44:44+00:00","description":"Totem MT fabrica material de escalada de altas prestaciones. El Totem Cam ha sido nuestra primera aportaci\u00f3n.","breadcrumb":{"@id":"https:\/\/www.totemmt.com\/es\/#breadcrumb"},"inLanguage":"es","potentialAction":[{"@type":"ReadAction","target":["https:\/\/www.totemmt.com\/es\/"]}]},{"@type":"ImageObject","inLanguage":"es","@id":"https:\/\/www.totemmt.com\/es\/#primaryimage","url":"https:\/\/www.totemmt.com\/wp-content\/uploads\/2020\/04\/TotemCam080_desktop.jpg","contentUrl":"https:\/\/www.totemmt.com\/wp-content\/uploads\/2020\/04\/TotemCam080_desktop.jpg"},{"@type":"BreadcrumbList","@id":"https:\/\/www.totemmt.com\/es\/#breadcrumb","itemListElement":[{"@type":"ListItem","position":1,"name":"Home","item":"https:\/\/www.totemmt.com\/es\/"},{"@type":"ListItem","position":2,"name":"Totem\u00ae MT | Material de escalada | Tienda"}]},{"@type":"WebSite","@id":"https:\/\/www.totemmt.com\/#website","url":"https:\/\/www.totemmt.com\/","name":"Totem MT | Totem Cam manufacturer | Shop","description":"Manufacturer of high performance climbing gear.","publisher":{"@id":"https:\/\/www.totemmt.com\/#organization"},"potentialAction":[{"@type":"SearchAction","target":{"@type":"EntryPoint","urlTemplate":"https:\/\/www.totemmt.com\/?s={search_term_string}"},"query-input":{"@type":"PropertyValueSpecification","valueRequired":true,"valueName":"search_term_string"}}],"inLanguage":"es"},{"@type":"Organization","@id":"https:\/\/www.totemmt.com\/#organization","name":"Totem MT | Totem Cam manufacturer | Shop","url":"https:\/\/www.totemmt.com\/","logo":{"@type":"ImageObject","inLanguage":"es","@id":"https:\/\/www.totemmt.com\/#\/schema\/logo\/image\/","url":"https:\/\/www.totemmt.com\/wp-content\/uploads\/2018\/05\/TotemLogo.png","contentUrl":"https:\/\/www.totemmt.com\/wp-content\/uploads\/2018\/05\/TotemLogo.png","width":364,"height":138,"caption":"Totem MT | Totem Cam manufacturer | Shop"},"image":{"@id":"https:\/\/www.totemmt.com\/#\/schema\/logo\/image\/"},"sameAs":["https:\/\/www.facebook.com\/totemcams","https:\/\/x.com\/totemmt","https:\/\/instagram.com\/totemmt\/","https:\/\/www.youtube.com\/totemmt"]}]}},"_links":{"self":[{"href":"https:\/\/www.totemmt.com\/es\/wp-json\/wp\/v2\/pages\/788","targetHints":{"allow":["GET"]}}],"collection":[{"href":"https:\/\/www.totemmt.com\/es\/wp-json\/wp\/v2\/pages"}],"about":[{"href":"https:\/\/www.totemmt.com\/es\/wp-json\/wp\/v2\/types\/page"}],"author":[{"embeddable":true,"href":"https:\/\/www.totemmt.com\/es\/wp-json\/wp\/v2\/users\/1"}],"replies":[{"embeddable":true,"href":"https:\/\/www.totemmt.com\/es\/wp-json\/wp\/v2\/comments?post=788"}],"version-history":[{"count":41,"href":"https:\/\/www.totemmt.com\/es\/wp-json\/wp\/v2\/pages\/788\/revisions"}],"predecessor-version":[{"id":21153,"href":"https:\/\/www.totemmt.com\/es\/wp-json\/wp\/v2\/pages\/788\/revisions\/21153"}],"wp:attachment":[{"href":"https:\/\/www.totemmt.com\/es\/wp-json\/wp\/v2\/media?parent=788"}],"curies":[{"name":"wp","href":"https:\/\/api.w.org\/{rel}","templated":true}]}}