{"id":7914,"date":"2018-09-26T07:14:16","date_gmt":"2018-09-26T07:14:16","guid":{"rendered":"https:\/\/www.totemmt.com\/sobre-nosotros\/"},"modified":"2020-08-25T09:19:02","modified_gmt":"2020-08-25T09:19:02","slug":"sobre-nosotros","status":"publish","type":"page","link":"https:\/\/www.totemmt.com\/es\/sobre-nosotros\/","title":{"rendered":"Sobre nosotros"},"content":{"rendered":"<p>Somos una Sociedad Cooperativa del Pa\u00eds Vasco con la misi\u00f3n de proveer de aparatos para la autoprotecci\u00f3n de calidad a la comunidad escaladora.<\/p>\n<p>La producci\u00f3n se realiza en su totalidad en nuestras instalaciones de Hernani (Gipuzkoa). Centramos nuestros esfuerzos en mejorar constantemente nuestros procesos de producci\u00f3n y sistemas de gesti\u00f3n, para poder as\u00ed conseguir lo que el cliente necesita: buenos productos y precio competitivo con una disponibilidad a tiempo.<\/p>\n<p>Todo ello soportado en unos valores que son gran parte de nuestra raz\u00f3n de ser:<\/p>\n<p>1) Primar el inter\u00e9s del escalador\/a<\/p>\n<p>2) Relaciones laborales justas: En Totem no existe diferencia salarial. Tod@s recibimos el mismo salario por las mismas horas de trabajo. Adem\u00e1s, entendemos que el capital que Totem MT pueda generar mediante la comercializaci\u00f3n de sus productos no es solo consecuencia del trabajo de Totem MT, as\u00ed que decidimos no repartir los beneficios y dedicar \u00e9stos a impulsar proyectos que compartan nuestros mismos valores y as\u00ed, continuar haciendo comunidad.<\/p>\n<p>3) Toma de decisiones democr\u00e1tica: En Totem nos organizamos en asambleas horizontales donde tod@s l@s trabajador@s tenemos la oportunidad de expresar y compartir ideas. En este sentido, las decisiones que afectan estructuralmente a la cooperativa son tomadas por los miembros de la misma.<\/p>\n<p>4) Compartir la riqueza con el entorno m\u00e1s cercano: Estamos arraigados en el entorno que habitamos y entendemos que es nuestra responsabilidad mantener estas ra\u00edces y enriquecerlas mediante nuestro trabajo, apoyando la econom\u00eda local y construyendo comunidad.<\/p>\n<p>5) Igualdad social: No toleramos ning\u00fan tipo de discriminaci\u00f3n basada en cuestiones de g\u00e9nero, identidad sexual, orientaci\u00f3n, racial, capacitista&#8230; y apostamos por la construcci\u00f3n de un espacio donde seamos socialmente iguales y humanamente diferentes.<\/p>\n<p>6) Respeto al medio ambiente: Tenemos mucho trabajo que recorrer en este sentido, pero entendemos que es estrat\u00e9gico para conseguir los objetivos.<\/p>\n<p>Nos queda mucho camino por recorrer y esperamos poder compartirlo con la comunidad escaladora.<\/p>\n<p>No podemos despedirnos sin agradecer el innumerable apoyo desinteresado que durante a\u00f1os hemos recibido. Entre tod@s lo hemos hecho posible.<\/p>\n","protected":false},"excerpt":{"rendered":"<p>Somos una Sociedad Cooperativa del Pa\u00eds Vasco con la misi\u00f3n de proveer de aparatos para la autoprotecci\u00f3n de calidad a la comunidad escaladora. La producci\u00f3n se realiza en su totalidad en nuestras instalaciones de Hernani (Gipuzkoa). Centramos nuestros esfuerzos en mejorar constantemente nuestros procesos de producci\u00f3n y sistemas de gesti\u00f3n, para poder as\u00ed conseguir lo [&hellip;]<\/p>\n","protected":false},"author":1,"featured_media":0,"parent":0,"menu_order":0,"comment_status":"closed","ping_status":"closed","template":"template-fullwidth.php","meta":{"footnotes":""},"class_list":["post-7914","page","type-page","status-publish","hentry"],"yoast_head":"<!-- This site is optimized with the Yoast SEO plugin v25.8 - https:\/\/yoast.com\/wordpress\/plugins\/seo\/ -->\n<title>Sobre nosotros - Totem MT | Totem Cam manufacturer | Shop<\/title>\n<meta name=\"robots\" content=\"index, follow, max-snippet:-1, max-image-preview:large, max-video-preview:-1\" \/>\n<link rel=\"canonical\" href=\"https:\/\/www.totemmt.com\/es\/sobre-nosotros\/\" \/>\n<meta property=\"og:locale\" content=\"es_ES\" \/>\n<meta property=\"og:type\" content=\"article\" \/>\n<meta property=\"og:title\" content=\"Sobre nosotros - Totem MT | Totem Cam manufacturer | Shop\" \/>\n<meta property=\"og:description\" content=\"Somos una Sociedad Cooperativa del Pa\u00eds Vasco con la misi\u00f3n de proveer de aparatos para la autoprotecci\u00f3n de calidad a la comunidad escaladora. La producci\u00f3n se realiza en su totalidad en nuestras instalaciones de Hernani (Gipuzkoa). Centramos nuestros esfuerzos en mejorar constantemente nuestros procesos de producci\u00f3n y sistemas de gesti\u00f3n, para poder as\u00ed conseguir lo [&hellip;]\" \/>\n<meta property=\"og:url\" content=\"https:\/\/www.totemmt.com\/es\/sobre-nosotros\/\" \/>\n<meta property=\"og:site_name\" content=\"Totem MT | Totem Cam manufacturer | Shop\" \/>\n<meta property=\"article:publisher\" content=\"https:\/\/www.facebook.com\/totemcams\" \/>\n<meta property=\"article:modified_time\" content=\"2020-08-25T09:19:02+00:00\" \/>\n<meta name=\"twitter:card\" content=\"summary_large_image\" \/>\n<meta name=\"twitter:site\" content=\"@totemmt\" \/>\n<meta name=\"twitter:label1\" content=\"Est. reading time\" \/>\n\t<meta name=\"twitter:data1\" content=\"2 minutos\" \/>\n<script type=\"application\/ld+json\" class=\"yoast-schema-graph\">{\"@context\":\"https:\/\/schema.org\",\"@graph\":[{\"@type\":\"WebPage\",\"@id\":\"https:\/\/www.totemmt.com\/es\/sobre-nosotros\/\",\"url\":\"https:\/\/www.totemmt.com\/es\/sobre-nosotros\/\",\"name\":\"Sobre nosotros - Totem MT | Totem Cam manufacturer | Shop\",\"isPartOf\":{\"@id\":\"https:\/\/www.totemmt.com\/#website\"},\"datePublished\":\"2018-09-26T07:14:16+00:00\",\"dateModified\":\"2020-08-25T09:19:02+00:00\",\"breadcrumb\":{\"@id\":\"https:\/\/www.totemmt.com\/es\/sobre-nosotros\/#breadcrumb\"},\"inLanguage\":\"es\",\"potentialAction\":[{\"@type\":\"ReadAction\",\"target\":[\"https:\/\/www.totemmt.com\/es\/sobre-nosotros\/\"]}]},{\"@type\":\"BreadcrumbList\",\"@id\":\"https:\/\/www.totemmt.com\/es\/sobre-nosotros\/#breadcrumb\",\"itemListElement\":[{\"@type\":\"ListItem\",\"position\":1,\"name\":\"Home\",\"item\":\"https:\/\/www.totemmt.com\/es\/\"},{\"@type\":\"ListItem\",\"position\":2,\"name\":\"Sobre nosotros\"}]},{\"@type\":\"WebSite\",\"@id\":\"https:\/\/www.totemmt.com\/#website\",\"url\":\"https:\/\/www.totemmt.com\/\",\"name\":\"Totem MT | Totem Cam manufacturer | Shop\",\"description\":\"Manufacturer of high performance climbing gear.\",\"publisher\":{\"@id\":\"https:\/\/www.totemmt.com\/#organization\"},\"potentialAction\":[{\"@type\":\"SearchAction\",\"target\":{\"@type\":\"EntryPoint\",\"urlTemplate\":\"https:\/\/www.totemmt.com\/?s={search_term_string}\"},\"query-input\":{\"@type\":\"PropertyValueSpecification\",\"valueRequired\":true,\"valueName\":\"search_term_string\"}}],\"inLanguage\":\"es\"},{\"@type\":\"Organization\",\"@id\":\"https:\/\/www.totemmt.com\/#organization\",\"name\":\"Totem MT | Totem Cam manufacturer | Shop\",\"url\":\"https:\/\/www.totemmt.com\/\",\"logo\":{\"@type\":\"ImageObject\",\"inLanguage\":\"es\",\"@id\":\"https:\/\/www.totemmt.com\/#\/schema\/logo\/image\/\",\"url\":\"https:\/\/www.totemmt.com\/wp-content\/uploads\/2018\/05\/TotemLogo.png\",\"contentUrl\":\"https:\/\/www.totemmt.com\/wp-content\/uploads\/2018\/05\/TotemLogo.png\",\"width\":364,\"height\":138,\"caption\":\"Totem MT | Totem Cam manufacturer | Shop\"},\"image\":{\"@id\":\"https:\/\/www.totemmt.com\/#\/schema\/logo\/image\/\"},\"sameAs\":[\"https:\/\/www.facebook.com\/totemcams\",\"https:\/\/x.com\/totemmt\",\"https:\/\/instagram.com\/totemmt\/\",\"https:\/\/www.youtube.com\/totemmt\"]}]}<\/script>\n<!-- \/ Yoast SEO plugin. -->","yoast_head_json":{"title":"Sobre nosotros - Totem MT | Totem Cam manufacturer | Shop","robots":{"index":"index","follow":"follow","max-snippet":"max-snippet:-1","max-image-preview":"max-image-preview:large","max-video-preview":"max-video-preview:-1"},"canonical":"https:\/\/www.totemmt.com\/es\/sobre-nosotros\/","og_locale":"es_ES","og_type":"article","og_title":"Sobre nosotros - Totem MT | Totem Cam manufacturer | Shop","og_description":"Somos una Sociedad Cooperativa del Pa\u00eds Vasco con la misi\u00f3n de proveer de aparatos para la autoprotecci\u00f3n de calidad a la comunidad escaladora. La producci\u00f3n se realiza en su totalidad en nuestras instalaciones de Hernani (Gipuzkoa). Centramos nuestros esfuerzos en mejorar constantemente nuestros procesos de producci\u00f3n y sistemas de gesti\u00f3n, para poder as\u00ed conseguir lo [&hellip;]","og_url":"https:\/\/www.totemmt.com\/es\/sobre-nosotros\/","og_site_name":"Totem MT | Totem Cam manufacturer | Shop","article_publisher":"https:\/\/www.facebook.com\/totemcams","article_modified_time":"2020-08-25T09:19:02+00:00","twitter_card":"summary_large_image","twitter_site":"@totemmt","twitter_misc":{"Est. reading time":"2 minutos"},"schema":{"@context":"https:\/\/schema.org","@graph":[{"@type":"WebPage","@id":"https:\/\/www.totemmt.com\/es\/sobre-nosotros\/","url":"https:\/\/www.totemmt.com\/es\/sobre-nosotros\/","name":"Sobre nosotros - Totem MT | Totem Cam manufacturer | Shop","isPartOf":{"@id":"https:\/\/www.totemmt.com\/#website"},"datePublished":"2018-09-26T07:14:16+00:00","dateModified":"2020-08-25T09:19:02+00:00","breadcrumb":{"@id":"https:\/\/www.totemmt.com\/es\/sobre-nosotros\/#breadcrumb"},"inLanguage":"es","potentialAction":[{"@type":"ReadAction","target":["https:\/\/www.totemmt.com\/es\/sobre-nosotros\/"]}]},{"@type":"BreadcrumbList","@id":"https:\/\/www.totemmt.com\/es\/sobre-nosotros\/#breadcrumb","itemListElement":[{"@type":"ListItem","position":1,"name":"Home","item":"https:\/\/www.totemmt.com\/es\/"},{"@type":"ListItem","position":2,"name":"Sobre nosotros"}]},{"@type":"WebSite","@id":"https:\/\/www.totemmt.com\/#website","url":"https:\/\/www.totemmt.com\/","name":"Totem MT | Totem Cam manufacturer | Shop","description":"Manufacturer of high performance climbing gear.","publisher":{"@id":"https:\/\/www.totemmt.com\/#organization"},"potentialAction":[{"@type":"SearchAction","target":{"@type":"EntryPoint","urlTemplate":"https:\/\/www.totemmt.com\/?s={search_term_string}"},"query-input":{"@type":"PropertyValueSpecification","valueRequired":true,"valueName":"search_term_string"}}],"inLanguage":"es"},{"@type":"Organization","@id":"https:\/\/www.totemmt.com\/#organization","name":"Totem MT | Totem Cam manufacturer | Shop","url":"https:\/\/www.totemmt.com\/","logo":{"@type":"ImageObject","inLanguage":"es","@id":"https:\/\/www.totemmt.com\/#\/schema\/logo\/image\/","url":"https:\/\/www.totemmt.com\/wp-content\/uploads\/2018\/05\/TotemLogo.png","contentUrl":"https:\/\/www.totemmt.com\/wp-content\/uploads\/2018\/05\/TotemLogo.png","width":364,"height":138,"caption":"Totem MT | Totem Cam manufacturer | Shop"},"image":{"@id":"https:\/\/www.totemmt.com\/#\/schema\/logo\/image\/"},"sameAs":["https:\/\/www.facebook.com\/totemcams","https:\/\/x.com\/totemmt","https:\/\/instagram.com\/totemmt\/","https:\/\/www.youtube.com\/totemmt"]}]}},"_links":{"self":[{"href":"https:\/\/www.totemmt.com\/es\/wp-json\/wp\/v2\/pages\/7914","targetHints":{"allow":["GET"]}}],"collection":[{"href":"https:\/\/www.totemmt.com\/es\/wp-json\/wp\/v2\/pages"}],"about":[{"href":"https:\/\/www.totemmt.com\/es\/wp-json\/wp\/v2\/types\/page"}],"author":[{"embeddable":true,"href":"https:\/\/www.totemmt.com\/es\/wp-json\/wp\/v2\/users\/1"}],"replies":[{"embeddable":true,"href":"https:\/\/www.totemmt.com\/es\/wp-json\/wp\/v2\/comments?post=7914"}],"version-history":[{"count":7,"href":"https:\/\/www.totemmt.com\/es\/wp-json\/wp\/v2\/pages\/7914\/revisions"}],"predecessor-version":[{"id":12161,"href":"https:\/\/www.totemmt.com\/es\/wp-json\/wp\/v2\/pages\/7914\/revisions\/12161"}],"wp:attachment":[{"href":"https:\/\/www.totemmt.com\/es\/wp-json\/wp\/v2\/media?parent=7914"}],"curies":[{"name":"wp","href":"https:\/\/api.w.org\/{rel}","templated":true}]}}