{"id":7930,"date":"2018-09-26T08:56:49","date_gmt":"2018-09-26T08:56:49","guid":{"rendered":"https:\/\/www.totemmt.com\/distribuidores\/"},"modified":"2025-05-13T11:48:45","modified_gmt":"2025-05-13T11:48:45","slug":"distribuidores","status":"publish","type":"page","link":"https:\/\/www.totemmt.com\/es\/distribuidores\/","title":{"rendered":"Distribuidores"},"content":{"rendered":"<div style=\"margin: 20px 0;\"><strong>\u00bfTienes una tienda y estas interesado\/a en vender nuestros productos?<\/strong><br \/>\nSi gestionas una tienda (f\u00edsica o en l\u00ednea) y est\u00e1s interesado\/a en incluir nuestros productos en tu cat\u00e1logo, estaremos encantados de trabajar contigo. Escr\u00edbenos a <a href=\"mailto:info@totemcams.com\">info@totemcams.com<\/a> y te facilitaremos toda la informaci\u00f3n necesaria.<\/div>\n<div style=\"margin: 50px 0;\"><strong>Lista completa de distribuidores autorizados de Totem MT en todo el mundo:<\/strong><\/div>\n<h2><strong>EUROPA<\/strong><\/h2>\n<h4>ALEMANIA<\/h4>\n<p>Aliens Bergsport &amp; Arbeitssicherheit e.K., <a href=\"https:\/\/www.aliens-outdoor.com\/\">www.aliens-outdoor.de<\/a><\/p>\n<h4>NORUEGA<\/h4>\n<p>Varri AS, <a href=\"https:\/\/www.varri.no\/\">www.varri.no<\/a><\/p>\n<h4>FINLANDIA y SUECIA<\/h4>\n<p>Vuorivaruste, <a href=\"https:\/\/vuorivaruste.com\/\">vuorivaruste.com<\/a>, e-mail: info@vuorivaruste.com, tel\u00e9fono: +358 40 84 77 108<\/p>\n<h4>POLONIA<\/h4>\n<p>Namaste S.C., <a href=\"http:\/\/namaste.pl\/\">namaste.pl<\/a><\/p>\n<h4>REINO UNIDO<\/h4>\n<p>Beta Climbing Designs, <a href=\"https:\/\/www.betaclimbingdesigns.com\/\">www.betaclimbingdesigns.com<\/a><\/p>\n<h4>REP\u00daBLICA CHECA y ESLOVAQUIA<\/h4>\n<p>THERMO EFFECT, e-mail: hrtchyty@gmail.com<\/p>\n<h2><strong>AM\u00c9RICA DEL NORTE<\/strong><\/h2>\n<h4>EE.UU.<\/h4>\n<p>The Stone Group West, <a href=\"http:\/\/www.thestonegroupwest.com\/\">www.thestonegroupwest.com<\/a><\/p>\n<h2><strong>AM\u00c9RICA DEL SUR<\/strong><\/h2>\n<h4>CHILE<\/h4>\n<p>AVISTA SpA, tel\u00e9fono: +569 8523 2633, e-mail: totemmt.cl@gmail.com, Instagram: @totemmt.cl<\/p>\n<h2><strong>ASIA<\/strong><\/h2>\n<h4>JAP\u00d3N<\/h4>\n<p>Caravan Co.,Ltd., <a href=\"https:\/\/www.caravan-web.com\/\">www.caravan-web.com<\/a><\/p>\n<h2><strong>OCEAN\u00cdA<\/strong><\/h2>\n<h4>AUSTRALIA<\/h4>\n<p>Climbing Anchors, tel\u00e9fono:+61 2 9052 6432, e-mail: sales@climbinganchors.com<\/p>\n","protected":false},"excerpt":{"rendered":"<p>\u00bfTienes una tienda y estas interesado\/a en vender nuestros productos? Si gestionas una tienda (f\u00edsica o en l\u00ednea) y est\u00e1s interesado\/a en incluir nuestros productos en tu cat\u00e1logo, estaremos encantados de trabajar contigo. Escr\u00edbenos a info@totemcams.com y te facilitaremos toda la informaci\u00f3n necesaria. Lista completa de distribuidores autorizados de Totem MT en todo el mundo: [&hellip;]<\/p>\n","protected":false},"author":1,"featured_media":0,"parent":0,"menu_order":0,"comment_status":"closed","ping_status":"closed","template":"template-fullwidth.php","meta":{"footnotes":""},"class_list":["post-7930","page","type-page","status-publish","hentry"],"yoast_head":"<!-- This site is optimized with the Yoast SEO plugin v25.8 - https:\/\/yoast.com\/wordpress\/plugins\/seo\/ -->\n<title>Distribuidores - Totem MT | Totem Cam manufacturer | Shop<\/title>\n<meta name=\"description\" content=\"Listado completo de distribuidores de Totem MT en el mundo.\" \/>\n<meta name=\"robots\" content=\"index, follow, max-snippet:-1, max-image-preview:large, max-video-preview:-1\" \/>\n<link rel=\"canonical\" href=\"https:\/\/www.totemmt.com\/es\/distribuidores\/\" \/>\n<meta property=\"og:locale\" content=\"es_ES\" \/>\n<meta property=\"og:type\" content=\"article\" \/>\n<meta property=\"og:title\" content=\"Distribuidores - Totem MT | Totem Cam manufacturer | Shop\" \/>\n<meta property=\"og:description\" content=\"Listado completo de distribuidores de Totem MT en el mundo.\" \/>\n<meta property=\"og:url\" content=\"https:\/\/www.totemmt.com\/es\/distribuidores\/\" \/>\n<meta property=\"og:site_name\" content=\"Totem MT | Totem Cam manufacturer | Shop\" \/>\n<meta property=\"article:publisher\" content=\"https:\/\/www.facebook.com\/totemcams\" \/>\n<meta property=\"article:modified_time\" content=\"2025-05-13T11:48:45+00:00\" \/>\n<meta name=\"twitter:card\" content=\"summary_large_image\" \/>\n<meta name=\"twitter:site\" content=\"@totemmt\" \/>\n<meta name=\"twitter:label1\" content=\"Est. reading time\" \/>\n\t<meta name=\"twitter:data1\" content=\"1 minuto\" \/>\n<script type=\"application\/ld+json\" class=\"yoast-schema-graph\">{\"@context\":\"https:\/\/schema.org\",\"@graph\":[{\"@type\":\"WebPage\",\"@id\":\"https:\/\/www.totemmt.com\/es\/distribuidores\/\",\"url\":\"https:\/\/www.totemmt.com\/es\/distribuidores\/\",\"name\":\"Distribuidores - Totem MT | Totem Cam manufacturer | Shop\",\"isPartOf\":{\"@id\":\"https:\/\/www.totemmt.com\/#website\"},\"datePublished\":\"2018-09-26T08:56:49+00:00\",\"dateModified\":\"2025-05-13T11:48:45+00:00\",\"description\":\"Listado completo de distribuidores de Totem MT en el mundo.\",\"breadcrumb\":{\"@id\":\"https:\/\/www.totemmt.com\/es\/distribuidores\/#breadcrumb\"},\"inLanguage\":\"es\",\"potentialAction\":[{\"@type\":\"ReadAction\",\"target\":[\"https:\/\/www.totemmt.com\/es\/distribuidores\/\"]}]},{\"@type\":\"BreadcrumbList\",\"@id\":\"https:\/\/www.totemmt.com\/es\/distribuidores\/#breadcrumb\",\"itemListElement\":[{\"@type\":\"ListItem\",\"position\":1,\"name\":\"Home\",\"item\":\"https:\/\/www.totemmt.com\/es\/\"},{\"@type\":\"ListItem\",\"position\":2,\"name\":\"Distribuidores\"}]},{\"@type\":\"WebSite\",\"@id\":\"https:\/\/www.totemmt.com\/#website\",\"url\":\"https:\/\/www.totemmt.com\/\",\"name\":\"Totem MT | Totem Cam manufacturer | Shop\",\"description\":\"Manufacturer of high performance climbing gear.\",\"publisher\":{\"@id\":\"https:\/\/www.totemmt.com\/#organization\"},\"potentialAction\":[{\"@type\":\"SearchAction\",\"target\":{\"@type\":\"EntryPoint\",\"urlTemplate\":\"https:\/\/www.totemmt.com\/?s={search_term_string}\"},\"query-input\":{\"@type\":\"PropertyValueSpecification\",\"valueRequired\":true,\"valueName\":\"search_term_string\"}}],\"inLanguage\":\"es\"},{\"@type\":\"Organization\",\"@id\":\"https:\/\/www.totemmt.com\/#organization\",\"name\":\"Totem MT | Totem Cam manufacturer | Shop\",\"url\":\"https:\/\/www.totemmt.com\/\",\"logo\":{\"@type\":\"ImageObject\",\"inLanguage\":\"es\",\"@id\":\"https:\/\/www.totemmt.com\/#\/schema\/logo\/image\/\",\"url\":\"https:\/\/www.totemmt.com\/wp-content\/uploads\/2018\/05\/TotemLogo.png\",\"contentUrl\":\"https:\/\/www.totemmt.com\/wp-content\/uploads\/2018\/05\/TotemLogo.png\",\"width\":364,\"height\":138,\"caption\":\"Totem MT | Totem Cam manufacturer | Shop\"},\"image\":{\"@id\":\"https:\/\/www.totemmt.com\/#\/schema\/logo\/image\/\"},\"sameAs\":[\"https:\/\/www.facebook.com\/totemcams\",\"https:\/\/x.com\/totemmt\",\"https:\/\/instagram.com\/totemmt\/\",\"https:\/\/www.youtube.com\/totemmt\"]}]}<\/script>\n<!-- \/ Yoast SEO plugin. -->","yoast_head_json":{"title":"Distribuidores - Totem MT | Totem Cam manufacturer | Shop","description":"Listado completo de distribuidores de Totem MT en el mundo.","robots":{"index":"index","follow":"follow","max-snippet":"max-snippet:-1","max-image-preview":"max-image-preview:large","max-video-preview":"max-video-preview:-1"},"canonical":"https:\/\/www.totemmt.com\/es\/distribuidores\/","og_locale":"es_ES","og_type":"article","og_title":"Distribuidores - Totem MT | Totem Cam manufacturer | Shop","og_description":"Listado completo de distribuidores de Totem MT en el mundo.","og_url":"https:\/\/www.totemmt.com\/es\/distribuidores\/","og_site_name":"Totem MT | Totem Cam manufacturer | Shop","article_publisher":"https:\/\/www.facebook.com\/totemcams","article_modified_time":"2025-05-13T11:48:45+00:00","twitter_card":"summary_large_image","twitter_site":"@totemmt","twitter_misc":{"Est. reading time":"1 minuto"},"schema":{"@context":"https:\/\/schema.org","@graph":[{"@type":"WebPage","@id":"https:\/\/www.totemmt.com\/es\/distribuidores\/","url":"https:\/\/www.totemmt.com\/es\/distribuidores\/","name":"Distribuidores - Totem MT | Totem Cam manufacturer | Shop","isPartOf":{"@id":"https:\/\/www.totemmt.com\/#website"},"datePublished":"2018-09-26T08:56:49+00:00","dateModified":"2025-05-13T11:48:45+00:00","description":"Listado completo de distribuidores de Totem MT en el mundo.","breadcrumb":{"@id":"https:\/\/www.totemmt.com\/es\/distribuidores\/#breadcrumb"},"inLanguage":"es","potentialAction":[{"@type":"ReadAction","target":["https:\/\/www.totemmt.com\/es\/distribuidores\/"]}]},{"@type":"BreadcrumbList","@id":"https:\/\/www.totemmt.com\/es\/distribuidores\/#breadcrumb","itemListElement":[{"@type":"ListItem","position":1,"name":"Home","item":"https:\/\/www.totemmt.com\/es\/"},{"@type":"ListItem","position":2,"name":"Distribuidores"}]},{"@type":"WebSite","@id":"https:\/\/www.totemmt.com\/#website","url":"https:\/\/www.totemmt.com\/","name":"Totem MT | Totem Cam manufacturer | Shop","description":"Manufacturer of high performance climbing gear.","publisher":{"@id":"https:\/\/www.totemmt.com\/#organization"},"potentialAction":[{"@type":"SearchAction","target":{"@type":"EntryPoint","urlTemplate":"https:\/\/www.totemmt.com\/?s={search_term_string}"},"query-input":{"@type":"PropertyValueSpecification","valueRequired":true,"valueName":"search_term_string"}}],"inLanguage":"es"},{"@type":"Organization","@id":"https:\/\/www.totemmt.com\/#organization","name":"Totem MT | Totem Cam manufacturer | Shop","url":"https:\/\/www.totemmt.com\/","logo":{"@type":"ImageObject","inLanguage":"es","@id":"https:\/\/www.totemmt.com\/#\/schema\/logo\/image\/","url":"https:\/\/www.totemmt.com\/wp-content\/uploads\/2018\/05\/TotemLogo.png","contentUrl":"https:\/\/www.totemmt.com\/wp-content\/uploads\/2018\/05\/TotemLogo.png","width":364,"height":138,"caption":"Totem MT | Totem Cam manufacturer | Shop"},"image":{"@id":"https:\/\/www.totemmt.com\/#\/schema\/logo\/image\/"},"sameAs":["https:\/\/www.facebook.com\/totemcams","https:\/\/x.com\/totemmt","https:\/\/instagram.com\/totemmt\/","https:\/\/www.youtube.com\/totemmt"]}]}},"_links":{"self":[{"href":"https:\/\/www.totemmt.com\/es\/wp-json\/wp\/v2\/pages\/7930","targetHints":{"allow":["GET"]}}],"collection":[{"href":"https:\/\/www.totemmt.com\/es\/wp-json\/wp\/v2\/pages"}],"about":[{"href":"https:\/\/www.totemmt.com\/es\/wp-json\/wp\/v2\/types\/page"}],"author":[{"embeddable":true,"href":"https:\/\/www.totemmt.com\/es\/wp-json\/wp\/v2\/users\/1"}],"replies":[{"embeddable":true,"href":"https:\/\/www.totemmt.com\/es\/wp-json\/wp\/v2\/comments?post=7930"}],"version-history":[{"count":9,"href":"https:\/\/www.totemmt.com\/es\/wp-json\/wp\/v2\/pages\/7930\/revisions"}],"predecessor-version":[{"id":20485,"href":"https:\/\/www.totemmt.com\/es\/wp-json\/wp\/v2\/pages\/7930\/revisions\/20485"}],"wp:attachment":[{"href":"https:\/\/www.totemmt.com\/es\/wp-json\/wp\/v2\/media?parent=7930"}],"curies":[{"name":"wp","href":"https:\/\/api.w.org\/{rel}","templated":true}]}}