{"id":7940,"date":"2018-09-26T10:53:58","date_gmt":"2018-09-26T10:53:58","guid":{"rendered":"https:\/\/www.totemmt.com\/garantia-y-devoluciones\/"},"modified":"2025-08-22T12:03:41","modified_gmt":"2025-08-22T12:03:41","slug":"reparaciones-totem-cam","status":"publish","type":"page","link":"https:\/\/www.totemmt.com\/es\/reparaciones-totem-cam\/","title":{"rendered":"Reparaciones Totem Cam"},"content":{"rendered":"<p>Totem MT ofrece servicio de reparaci\u00f3n de los Totems. Todos los Totems que recibamos para su reparaci\u00f3n ser\u00e1n limpiados y lubricados. Ser\u00e1n devueltos en las mejores condiciones posibles.<\/p>\n<p>Recuerda que:<\/p>\n<ul>\n<li>Nuestros productos tienen una vida limitada. Los Totems que se consideren no reparables y no seguros para el uso ser\u00e1n destruidos por Totem MT.<\/li>\n<li>Solamente podemos realizar las reparaciones listadas en el Formulario de Reparaci\u00f3n.<\/li>\n<li><b>Ten en cuenta que lamentablemente se suspende el duty-free en aduanas que entren a los Estados Unidos, el cliente deber\u00e1 asumir el coste derivado de aranceles e impuestos.<\/b><\/li>\n<\/ul>\n<p>Para ello, podr\u00e1s descargarte el Formulario de Reparaci\u00f3n a trav\u00e9s del siguiente link y seguir las instrucciones que se indican en el mismo:<\/p>\n<p><a href=\"https:\/\/www.totemmt.com\/wp-content\/uploads\/TotemCam_repair\/Totem_MT_Formulario_Reparaciones.pdf\"><i class=\"fa fa-file-pdf-o\" aria-hidden=\"true\"><\/i> Formulario de reparaci\u00f3n (213Kb)<\/a><\/p>\n<p>Para cualquier duda o consulta no dudes en ponerte en contacto en info@totemcams.com<\/p>\n","protected":false},"excerpt":{"rendered":"<p>Totem MT ofrece servicio de reparaci\u00f3n de los Totems. Todos los Totems que recibamos para su reparaci\u00f3n ser\u00e1n limpiados y lubricados. Ser\u00e1n devueltos en las mejores condiciones posibles. Recuerda que: Nuestros productos tienen una vida limitada. Los Totems que se consideren no reparables y no seguros para el uso ser\u00e1n destruidos por Totem MT. Solamente [&hellip;]<\/p>\n","protected":false},"author":1,"featured_media":0,"parent":0,"menu_order":0,"comment_status":"closed","ping_status":"closed","template":"template-fullwidth.php","meta":{"footnotes":""},"class_list":["post-7940","page","type-page","status-publish","hentry"],"yoast_head":"<!-- This site is optimized with the Yoast SEO plugin v25.8 - https:\/\/yoast.com\/wordpress\/plugins\/seo\/ -->\n<title>Reparaciones Totem Cam - Totem MT | Totem Cam manufacturer | Shop<\/title>\n<meta name=\"description\" content=\"Instrucciones para la reparaci\u00f3n de Totem Cam y Formulario de reparaci\u00f3n para descargar.\" \/>\n<meta name=\"robots\" content=\"index, follow, max-snippet:-1, max-image-preview:large, max-video-preview:-1\" \/>\n<link rel=\"canonical\" href=\"https:\/\/www.totemmt.com\/es\/reparaciones-totem-cam\/\" \/>\n<meta property=\"og:locale\" content=\"es_ES\" \/>\n<meta property=\"og:type\" content=\"article\" \/>\n<meta property=\"og:title\" content=\"Reparaciones Totem Cam - Totem MT | Totem Cam manufacturer | Shop\" \/>\n<meta property=\"og:description\" content=\"Instrucciones para la reparaci\u00f3n de Totem Cam y Formulario de reparaci\u00f3n para descargar.\" \/>\n<meta property=\"og:url\" content=\"https:\/\/www.totemmt.com\/es\/reparaciones-totem-cam\/\" \/>\n<meta property=\"og:site_name\" content=\"Totem MT | Totem Cam manufacturer | Shop\" \/>\n<meta property=\"article:publisher\" content=\"https:\/\/www.facebook.com\/totemcams\" \/>\n<meta property=\"article:modified_time\" content=\"2025-08-22T12:03:41+00:00\" \/>\n<meta name=\"twitter:card\" content=\"summary_large_image\" \/>\n<meta name=\"twitter:site\" content=\"@totemmt\" \/>\n<meta name=\"twitter:label1\" content=\"Est. reading time\" \/>\n\t<meta name=\"twitter:data1\" content=\"1 minuto\" \/>\n<script type=\"application\/ld+json\" class=\"yoast-schema-graph\">{\"@context\":\"https:\/\/schema.org\",\"@graph\":[{\"@type\":\"WebPage\",\"@id\":\"https:\/\/www.totemmt.com\/es\/reparaciones-totem-cam\/\",\"url\":\"https:\/\/www.totemmt.com\/es\/reparaciones-totem-cam\/\",\"name\":\"Reparaciones Totem Cam - Totem MT | Totem Cam manufacturer | Shop\",\"isPartOf\":{\"@id\":\"https:\/\/www.totemmt.com\/#website\"},\"datePublished\":\"2018-09-26T10:53:58+00:00\",\"dateModified\":\"2025-08-22T12:03:41+00:00\",\"description\":\"Instrucciones para la reparaci\u00f3n de Totem Cam y Formulario de reparaci\u00f3n para descargar.\",\"breadcrumb\":{\"@id\":\"https:\/\/www.totemmt.com\/es\/reparaciones-totem-cam\/#breadcrumb\"},\"inLanguage\":\"es\",\"potentialAction\":[{\"@type\":\"ReadAction\",\"target\":[\"https:\/\/www.totemmt.com\/es\/reparaciones-totem-cam\/\"]}]},{\"@type\":\"BreadcrumbList\",\"@id\":\"https:\/\/www.totemmt.com\/es\/reparaciones-totem-cam\/#breadcrumb\",\"itemListElement\":[{\"@type\":\"ListItem\",\"position\":1,\"name\":\"Home\",\"item\":\"https:\/\/www.totemmt.com\/es\/\"},{\"@type\":\"ListItem\",\"position\":2,\"name\":\"Reparaciones Totem Cam\"}]},{\"@type\":\"WebSite\",\"@id\":\"https:\/\/www.totemmt.com\/#website\",\"url\":\"https:\/\/www.totemmt.com\/\",\"name\":\"Totem MT | Totem Cam manufacturer | Shop\",\"description\":\"Manufacturer of high performance climbing gear.\",\"publisher\":{\"@id\":\"https:\/\/www.totemmt.com\/#organization\"},\"potentialAction\":[{\"@type\":\"SearchAction\",\"target\":{\"@type\":\"EntryPoint\",\"urlTemplate\":\"https:\/\/www.totemmt.com\/?s={search_term_string}\"},\"query-input\":{\"@type\":\"PropertyValueSpecification\",\"valueRequired\":true,\"valueName\":\"search_term_string\"}}],\"inLanguage\":\"es\"},{\"@type\":\"Organization\",\"@id\":\"https:\/\/www.totemmt.com\/#organization\",\"name\":\"Totem MT | Totem Cam manufacturer | Shop\",\"url\":\"https:\/\/www.totemmt.com\/\",\"logo\":{\"@type\":\"ImageObject\",\"inLanguage\":\"es\",\"@id\":\"https:\/\/www.totemmt.com\/#\/schema\/logo\/image\/\",\"url\":\"https:\/\/www.totemmt.com\/wp-content\/uploads\/2018\/05\/TotemLogo.png\",\"contentUrl\":\"https:\/\/www.totemmt.com\/wp-content\/uploads\/2018\/05\/TotemLogo.png\",\"width\":364,\"height\":138,\"caption\":\"Totem MT | Totem Cam manufacturer | Shop\"},\"image\":{\"@id\":\"https:\/\/www.totemmt.com\/#\/schema\/logo\/image\/\"},\"sameAs\":[\"https:\/\/www.facebook.com\/totemcams\",\"https:\/\/x.com\/totemmt\",\"https:\/\/instagram.com\/totemmt\/\",\"https:\/\/www.youtube.com\/totemmt\"]}]}<\/script>\n<!-- \/ Yoast SEO plugin. -->","yoast_head_json":{"title":"Reparaciones Totem Cam - Totem MT | Totem Cam manufacturer | Shop","description":"Instrucciones para la reparaci\u00f3n de Totem Cam y Formulario de reparaci\u00f3n para descargar.","robots":{"index":"index","follow":"follow","max-snippet":"max-snippet:-1","max-image-preview":"max-image-preview:large","max-video-preview":"max-video-preview:-1"},"canonical":"https:\/\/www.totemmt.com\/es\/reparaciones-totem-cam\/","og_locale":"es_ES","og_type":"article","og_title":"Reparaciones Totem Cam - Totem MT | Totem Cam manufacturer | Shop","og_description":"Instrucciones para la reparaci\u00f3n de Totem Cam y Formulario de reparaci\u00f3n para descargar.","og_url":"https:\/\/www.totemmt.com\/es\/reparaciones-totem-cam\/","og_site_name":"Totem MT | Totem Cam manufacturer | Shop","article_publisher":"https:\/\/www.facebook.com\/totemcams","article_modified_time":"2025-08-22T12:03:41+00:00","twitter_card":"summary_large_image","twitter_site":"@totemmt","twitter_misc":{"Est. reading time":"1 minuto"},"schema":{"@context":"https:\/\/schema.org","@graph":[{"@type":"WebPage","@id":"https:\/\/www.totemmt.com\/es\/reparaciones-totem-cam\/","url":"https:\/\/www.totemmt.com\/es\/reparaciones-totem-cam\/","name":"Reparaciones Totem Cam - Totem MT | Totem Cam manufacturer | Shop","isPartOf":{"@id":"https:\/\/www.totemmt.com\/#website"},"datePublished":"2018-09-26T10:53:58+00:00","dateModified":"2025-08-22T12:03:41+00:00","description":"Instrucciones para la reparaci\u00f3n de Totem Cam y Formulario de reparaci\u00f3n para descargar.","breadcrumb":{"@id":"https:\/\/www.totemmt.com\/es\/reparaciones-totem-cam\/#breadcrumb"},"inLanguage":"es","potentialAction":[{"@type":"ReadAction","target":["https:\/\/www.totemmt.com\/es\/reparaciones-totem-cam\/"]}]},{"@type":"BreadcrumbList","@id":"https:\/\/www.totemmt.com\/es\/reparaciones-totem-cam\/#breadcrumb","itemListElement":[{"@type":"ListItem","position":1,"name":"Home","item":"https:\/\/www.totemmt.com\/es\/"},{"@type":"ListItem","position":2,"name":"Reparaciones Totem Cam"}]},{"@type":"WebSite","@id":"https:\/\/www.totemmt.com\/#website","url":"https:\/\/www.totemmt.com\/","name":"Totem MT | Totem Cam manufacturer | Shop","description":"Manufacturer of high performance climbing gear.","publisher":{"@id":"https:\/\/www.totemmt.com\/#organization"},"potentialAction":[{"@type":"SearchAction","target":{"@type":"EntryPoint","urlTemplate":"https:\/\/www.totemmt.com\/?s={search_term_string}"},"query-input":{"@type":"PropertyValueSpecification","valueRequired":true,"valueName":"search_term_string"}}],"inLanguage":"es"},{"@type":"Organization","@id":"https:\/\/www.totemmt.com\/#organization","name":"Totem MT | Totem Cam manufacturer | Shop","url":"https:\/\/www.totemmt.com\/","logo":{"@type":"ImageObject","inLanguage":"es","@id":"https:\/\/www.totemmt.com\/#\/schema\/logo\/image\/","url":"https:\/\/www.totemmt.com\/wp-content\/uploads\/2018\/05\/TotemLogo.png","contentUrl":"https:\/\/www.totemmt.com\/wp-content\/uploads\/2018\/05\/TotemLogo.png","width":364,"height":138,"caption":"Totem MT | Totem Cam manufacturer | Shop"},"image":{"@id":"https:\/\/www.totemmt.com\/#\/schema\/logo\/image\/"},"sameAs":["https:\/\/www.facebook.com\/totemcams","https:\/\/x.com\/totemmt","https:\/\/instagram.com\/totemmt\/","https:\/\/www.youtube.com\/totemmt"]}]}},"_links":{"self":[{"href":"https:\/\/www.totemmt.com\/es\/wp-json\/wp\/v2\/pages\/7940","targetHints":{"allow":["GET"]}}],"collection":[{"href":"https:\/\/www.totemmt.com\/es\/wp-json\/wp\/v2\/pages"}],"about":[{"href":"https:\/\/www.totemmt.com\/es\/wp-json\/wp\/v2\/types\/page"}],"author":[{"embeddable":true,"href":"https:\/\/www.totemmt.com\/es\/wp-json\/wp\/v2\/users\/1"}],"replies":[{"embeddable":true,"href":"https:\/\/www.totemmt.com\/es\/wp-json\/wp\/v2\/comments?post=7940"}],"version-history":[{"count":12,"href":"https:\/\/www.totemmt.com\/es\/wp-json\/wp\/v2\/pages\/7940\/revisions"}],"predecessor-version":[{"id":21169,"href":"https:\/\/www.totemmt.com\/es\/wp-json\/wp\/v2\/pages\/7940\/revisions\/21169"}],"wp:attachment":[{"href":"https:\/\/www.totemmt.com\/es\/wp-json\/wp\/v2\/media?parent=7940"}],"curies":[{"name":"wp","href":"https:\/\/api.w.org\/{rel}","templated":true}]}}