{"id":8073,"date":"2018-10-09T13:50:00","date_gmt":"2018-10-09T13:50:00","guid":{"rendered":"https:\/\/www.totemmt.com\/product\/totem-cam2\/"},"modified":"2026-05-01T06:13:47","modified_gmt":"2026-05-01T06:13:47","slug":"totem-cam","status":"publish","type":"product","link":"https:\/\/www.totemmt.com\/es\/producto\/totem-cam\/","title":{"rendered":"Totem Cam"},"content":{"rendered":"<h4>DESCRIPCI\u00d3N<\/h4>\n<p>El empotrador de levas Totem Cam ofrece una extraordinaria capacidad de agarre y polivalencia de uso gracias a su sistema patentado de carga directa en las levas. Dise\u00f1o exclusivo donde se han cuidado al detalle todos los aspectos a tener en cuenta en un empotrador de levas y con el que se logra ampliar el abanico de posibles emplazamientos. Tecnolog\u00eda que est\u00e1 cambiando la manera de afrontar los retos. Caracter\u00edsticas:<\/p>\n<p><i class=\"fa fa-check\" aria-hidden=\"true\"><\/i> Sistema patentado que aplica la carga perfectamente equilibrada en cada una de las cuatro levas.<br \/>\n<i class=\"fa fa-check\" aria-hidden=\"true\"><\/i> Anchuras de cabeza bien proporcionadas, con la cabeza m\u00e1s estrecha para la talla menor.<br \/>\n<i class=\"fa fa-check\" aria-hidden=\"true\"><\/i> Posibilidad de cargar solo dos levas. Consultar <a href=\"https:\/\/www.totemmt.com\/documents\/TotemCam_Instructions_For_Use.pdf\">Instrucciones De Uso!<\/a><br \/>\n<i class=\"fa fa-check\" aria-hidden=\"true\"><\/i> Se mueven menos una vez emplazados, debido a los fuertes muelles y la gran flexibilidad.<br \/>\n<i class=\"fa fa-check\" aria-hidden=\"true\"><\/i> F\u00e1ciles de extraer.<br \/>\n<i class=\"fa fa-check\" aria-hidden=\"true\"><\/i> F\u00e1cil manejo incluso con guantes.<br \/>\n<i class=\"fa fa-check\" aria-hidden=\"true\"><\/i> Buen rango de expansi\u00f3n (64%).<br \/>\n<i class=\"fa fa-check\" aria-hidden=\"true\"><\/i> Ligeros y duraderos.<br \/>\n<i class=\"fa fa-warning\" aria-hidden=\"true\"><\/i> No adecuados para uso como empotrador pasivo<\/p>\n<h4>ESPECIFICACIONES<\/h4>\n<table class=\"product-table\">\n<tbody>\n<tr>\n<td><strong>Talla<\/strong><\/td>\n<td><strong>Rango<\/strong><\/td>\n<td><strong>Resistencia<\/strong><\/td>\n<td><strong>Peso<\/strong><\/td>\n<\/tr>\n<tr>\n<td>0.50 (negro)<\/td>\n<td>0.46-0.74&#8243;<br \/>\n11,7-18,9mm<\/td>\n<td>6KN<\/td>\n<td>69gr<\/td>\n<\/tr>\n<tr>\n<td>0.65 (azul)<\/td>\n<td>0.54-0.89&#8243;<br \/>\n13,8-22,5mm<\/td>\n<td>8KN<\/td>\n<td>75gr<\/td>\n<\/tr>\n<tr>\n<td>0.80 (amarillo)<\/td>\n<td>0.67-1.09&#8243;<br \/>\n17-27,7mm<\/td>\n<td>9KN<\/td>\n<td>83gr<\/td>\n<\/tr>\n<tr>\n<td>1.00 (morado)<\/td>\n<td>0.82-1.35&#8243;<br \/>\n20,9-34,2mm<\/td>\n<td>10KN<\/td>\n<td>95gr<\/td>\n<\/tr>\n<tr>\n<td>1.25 (verde)<\/td>\n<td>1.01-1.67&#8243;<br \/>\n25,7-42,3mm<\/td>\n<td>13KN<\/td>\n<td>109gr<\/td>\n<\/tr>\n<tr>\n<td>1.50 (rojo)<\/td>\n<td>1.24-2.06&#8243;<br \/>\n31,6-52,2mm<\/td>\n<td>13KN<\/td>\n<td>132gr<\/td>\n<\/tr>\n<tr>\n<td>1.80 (naranja)<\/td>\n<td>1.56-2.53&#8243;<br \/>\n39,7-64,2mm<\/td>\n<td>13KN<\/td>\n<td>144gr<\/td>\n<\/tr>\n<\/tbody>\n<\/table>\n<h4>DESCARGAS<\/h4>\n<p><a href=\"https:\/\/www.totemmt.com\/documents\/TotemCam_Instructions_For_Use.pdf\"><i class=\"fa fa-file-pdf-o\" aria-hidden=\"true\"><\/i> Instrucciones De Uso (603Kb)<\/a><br \/>\n<a href=\"https:\/\/www.totemmt.com\/documents\/EU_declaration_of_conformity_TotemCam.pdf\"><i class=\"fa fa-file-pdf-o\" aria-hidden=\"true\"><\/i> Certificado de conformidad UE (287Kb)<\/a><br \/>\n<a href=\"https:\/\/www.totemmt.com\/wp-content\/uploads\/2018\/10\/TotemCam_Cargar_Dos_Levas.pdf\"><i class=\"fa fa-file-pdf-o\" aria-hidden=\"true\"><\/i> Cargar solo dos levas (136Kb)<\/a><br \/>\n<a href=\"https:\/\/www.totemmt.com\/wp-content\/uploads\/2018\/09\/TotemCam_Mechanical_Principles.pdf\"><i class=\"fa fa-file-pdf-o\" aria-hidden=\"true\"><\/i> Principios mec\u00e1nicos del Totem Cam (390Kb)<\/a><br \/>\n<a href=\"https:\/\/www.totemmt.com\/wp-content\/uploads\/TotemCam_repair\/Totem_MT_Formulario_Reparaciones.pdf\"><i class=\"fa fa-file-pdf-o\" aria-hidden=\"true\"><\/i> Formulario de reparaci\u00f3n (213Kb)<\/a><\/p>\n","protected":false},"excerpt":{"rendered":"<div class=\"row\">\n<div class=\"column1 product-slider-ezkutatzeko\">\n<div class=\"bxslider-totem-cam\">\n<div>\n<p><img decoding=\"async\" alt=\"Totem Cam 0.50\" src=\"https:\/\/www.totemmt.com\/wp-content\/uploads\/2020\/04\/TotemCam050_product.jpg\" \/><\/p>\n<div>\n<p class=\"bxslider-zoom\"><a href=\"https:\/\/www.totemmt.com\/wp-content\/uploads\/2020\/04\/TotemCam050_product.jpg\" data-fancybox=\"totemcam050\"><i class=\"fa fa-2x fa-search-plus\" aria-hidden=\"true\"><\/i><br \/>\n<\/a><\/p>\n<\/div>\n<\/div>\n<div>\n<p><img decoding=\"async\" alt=\"Totem Cam 0.65\" src=\"https:\/\/www.totemmt.com\/wp-content\/uploads\/2020\/04\/TotemCam065_product.jpg\" \/><\/p>\n<div>\n<p class=\"bxslider-zoom\"><a href=\"https:\/\/www.totemmt.com\/wp-content\/uploads\/2020\/04\/TotemCam065_product.jpg\" data-fancybox=\"totemcam065\"><i class=\"fa fa-2x fa-search-plus\" aria-hidden=\"true\"><\/i><br \/>\n<\/a><\/p>\n<\/div>\n<\/div>\n<div>\n<p><img decoding=\"async\" alt=\"Totem Cam 0.80\" src=\"https:\/\/www.totemmt.com\/wp-content\/uploads\/2020\/04\/TotemCam080_product.jpg\" \/><\/p>\n<div>\n<p class=\"bxslider-zoom\"><a href=\"https:\/\/www.totemmt.com\/wp-content\/uploads\/2020\/04\/TotemCam080_product.jpg\" data-fancybox=\"totemcam080\"><i class=\"fa fa-2x fa-search-plus\" aria-hidden=\"true\"><\/i><br \/>\n<\/a><\/p>\n<\/div>\n<\/div>\n<div>\n<p><img decoding=\"async\" alt=\"Totem Cam 1.00\" src=\"https:\/\/www.totemmt.com\/wp-content\/uploads\/2018\/10\/TotemCam100_product.jpg\" \/><\/p>\n<div>\n<p class=\"bxslider-zoom\"><a href=\"https:\/\/www.totemmt.com\/wp-content\/uploads\/2018\/10\/TotemCam100_product.jpg\" data-fancybox=\"totemcam100\"><i class=\"fa fa-2x fa-search-plus\" aria-hidden=\"true\"><\/i><br \/>\n<\/a><\/p>\n<\/div>\n<\/div>\n<div>\n<p><img decoding=\"async\" alt=\"Totem Cam 1.25\" src=\"https:\/\/www.totemmt.com\/wp-content\/uploads\/2018\/10\/TotemCam125_product.jpg\" \/><\/p>\n<div>\n<p class=\"bxslider-zoom\"><a href=\"https:\/\/www.totemmt.com\/wp-content\/uploads\/2018\/10\/TotemCam125_product.jpg\" data-fancybox=\"totemcam125\"><i class=\"fa fa-2x fa-search-plus\" aria-hidden=\"true\"><\/i><br \/>\n<\/a><\/p>\n<\/div>\n<\/div>\n<div>\n<p><img decoding=\"async\" alt=\"Totem Cam 1.50\" src=\"https:\/\/www.totemmt.com\/wp-content\/uploads\/2018\/10\/TotemCam150_product.jpg\" \/><\/p>\n<div>\n<p class=\"bxslider-zoom\"><a href=\"https:\/\/www.totemmt.com\/wp-content\/uploads\/2018\/10\/TotemCam150_product.jpg\" data-fancybox=\"totemcam150\"><i class=\"fa fa-2x fa-search-plus\" aria-hidden=\"true\"><\/i><br \/>\n<\/a><\/p>\n<\/div>\n<\/div>\n<div>\n<p><img decoding=\"async\" alt=\"Totem Cam 1.80\" src=\"https:\/\/www.totemmt.com\/wp-content\/uploads\/2018\/10\/TotemCam180_product.jpg\" \/><\/p>\n<div>\n<p class=\"bxslider-zoom\"><a href=\"https:\/\/www.totemmt.com\/wp-content\/uploads\/2018\/10\/TotemCam180_product.jpg\" data-fancybox=\"totemcam180\"><i class=\"fa fa-2x fa-search-plus\" aria-hidden=\"true\"><\/i><br \/>\n<\/a><\/p>\n<\/div>\n<\/div>\n<\/div>\n<div class=\"bx-pager-totem-cam\">\n<div class=\"bx-pager-totem-cam-title\">\n<div class=\"invisible\">0.50<\/div>\n<div class=\"invisible\">0.65<\/div>\n<div class=\"invisible\">0.80<\/div>\n<div class=\"invisible\">1.00<\/div>\n<div class=\"invisible\">1.25<\/div>\n<div class=\"invisible\">1.50<\/div>\n<div>Talla:<\/div>\n<\/div>\n<div id=\"bx-pager-totem-cam\">\n<div><a href=\"\" data-slide-index=\"0\" href=\"\">0.50<\/a><\/div>\n<div><a href=\"\" data-slide-index=\"1\" href=\"\">0.65<\/a><\/div>\n<div><a href=\"\" data-slide-index=\"2\" href=\"\">0.80<\/a><\/div>\n<div><a href=\"\" data-slide-index=\"3\" href=\"\">1.00<\/a><\/div>\n<div><a href=\"\" data-slide-index=\"4\" href=\"\">1.25<\/a><\/div>\n<div><a href=\"\" data-slide-index=\"5\" href=\"\">1.50<\/a><\/div>\n<div><a href=\"\" data-slide-index=\"6\" href=\"\">1.80<\/a><\/div>\n<\/div>\n<\/div>\n<\/div>\n<div class=\"column2\">Los empotradores de levas m\u00e1s avanzados. Dise\u00f1o exclusivo que ofrece una mayor capacidad de agarre. Son la base del material para autoprotecci\u00f3n.<\/div>\n<\/div>\n","protected":false},"featured_media":0,"comment_status":"open","ping_status":"closed","template":"","meta":[],"product_brand":[],"product_cat":[24],"product_tag":[],"class_list":{"0":"post-8073","1":"product","2":"type-product","3":"status-publish","5":"product_cat-bulkcart-es","7":"first","8":"instock","9":"taxable","10":"shipping-taxable","11":"purchasable","12":"product-type-variable"},"yoast_head":"<!-- This site is optimized with the Yoast SEO plugin v25.8 - https:\/\/yoast.com\/wordpress\/plugins\/seo\/ -->\n<title>Totem Cam - Totem MT | Totem Cam manufacturer | Shop<\/title>\n<meta name=\"description\" content=\"Totem Cam, empotradores de levas con extraordinaria capacidad de agarre.\" \/>\n<meta name=\"robots\" content=\"index, follow, max-snippet:-1, max-image-preview:large, max-video-preview:-1\" \/>\n<link rel=\"canonical\" href=\"https:\/\/www.totemmt.com\/es\/producto\/totem-cam\/\" \/>\n<meta property=\"og:locale\" content=\"es_ES\" \/>\n<meta property=\"og:type\" content=\"article\" \/>\n<meta property=\"og:title\" content=\"Totem Cam - Totem MT | Totem Cam manufacturer | Shop\" \/>\n<meta property=\"og:description\" content=\"Totem Cam, empotradores de levas con extraordinaria capacidad de agarre.\" \/>\n<meta property=\"og:url\" content=\"https:\/\/www.totemmt.com\/es\/producto\/totem-cam\/\" \/>\n<meta property=\"og:site_name\" content=\"Totem MT | Totem Cam manufacturer | Shop\" \/>\n<meta property=\"article:publisher\" content=\"https:\/\/www.facebook.com\/totemcams\" \/>\n<meta property=\"article:modified_time\" content=\"2026-05-01T06:13:47+00:00\" \/>\n<meta name=\"twitter:card\" content=\"summary_large_image\" \/>\n<meta name=\"twitter:site\" content=\"@totemmt\" \/>\n<meta name=\"twitter:label1\" content=\"Est. reading time\" \/>\n\t<meta name=\"twitter:data1\" content=\"1 minuto\" \/>\n<script type=\"application\/ld+json\" class=\"yoast-schema-graph\">{\"@context\":\"https:\/\/schema.org\",\"@graph\":[{\"@type\":\"WebPage\",\"@id\":\"https:\/\/www.totemmt.com\/es\/producto\/totem-cam\/\",\"url\":\"https:\/\/www.totemmt.com\/es\/producto\/totem-cam\/\",\"name\":\"Totem Cam - Totem MT | Totem Cam manufacturer | Shop\",\"isPartOf\":{\"@id\":\"https:\/\/www.totemmt.com\/#website\"},\"datePublished\":\"2018-10-09T13:50:00+00:00\",\"dateModified\":\"2026-05-01T06:13:47+00:00\",\"description\":\"Totem Cam, empotradores de levas con extraordinaria capacidad de agarre.\",\"breadcrumb\":{\"@id\":\"https:\/\/www.totemmt.com\/es\/producto\/totem-cam\/#breadcrumb\"},\"inLanguage\":\"es\",\"potentialAction\":[{\"@type\":\"ReadAction\",\"target\":[\"https:\/\/www.totemmt.com\/es\/producto\/totem-cam\/\"]}]},{\"@type\":\"BreadcrumbList\",\"@id\":\"https:\/\/www.totemmt.com\/es\/producto\/totem-cam\/#breadcrumb\",\"itemListElement\":[{\"@type\":\"ListItem\",\"position\":1,\"name\":\"Home\",\"item\":\"https:\/\/www.totemmt.com\/es\/\"},{\"@type\":\"ListItem\",\"position\":2,\"name\":\"Tienda\",\"item\":\"https:\/\/www.totemmt.com\/es\/tienda\/\"},{\"@type\":\"ListItem\",\"position\":3,\"name\":\"Totem Cam\"}]},{\"@type\":\"WebSite\",\"@id\":\"https:\/\/www.totemmt.com\/#website\",\"url\":\"https:\/\/www.totemmt.com\/\",\"name\":\"Totem MT | Totem Cam manufacturer | Shop\",\"description\":\"Manufacturer of high performance climbing gear.\",\"publisher\":{\"@id\":\"https:\/\/www.totemmt.com\/#organization\"},\"potentialAction\":[{\"@type\":\"SearchAction\",\"target\":{\"@type\":\"EntryPoint\",\"urlTemplate\":\"https:\/\/www.totemmt.com\/?s={search_term_string}\"},\"query-input\":{\"@type\":\"PropertyValueSpecification\",\"valueRequired\":true,\"valueName\":\"search_term_string\"}}],\"inLanguage\":\"es\"},{\"@type\":\"Organization\",\"@id\":\"https:\/\/www.totemmt.com\/#organization\",\"name\":\"Totem MT | Totem Cam manufacturer | Shop\",\"url\":\"https:\/\/www.totemmt.com\/\",\"logo\":{\"@type\":\"ImageObject\",\"inLanguage\":\"es\",\"@id\":\"https:\/\/www.totemmt.com\/#\/schema\/logo\/image\/\",\"url\":\"https:\/\/www.totemmt.com\/wp-content\/uploads\/2018\/05\/TotemLogo.png\",\"contentUrl\":\"https:\/\/www.totemmt.com\/wp-content\/uploads\/2018\/05\/TotemLogo.png\",\"width\":364,\"height\":138,\"caption\":\"Totem MT | Totem Cam manufacturer | Shop\"},\"image\":{\"@id\":\"https:\/\/www.totemmt.com\/#\/schema\/logo\/image\/\"},\"sameAs\":[\"https:\/\/www.facebook.com\/totemcams\",\"https:\/\/x.com\/totemmt\",\"https:\/\/instagram.com\/totemmt\/\",\"https:\/\/www.youtube.com\/totemmt\"]}]}<\/script>\n<!-- \/ Yoast SEO plugin. -->","yoast_head_json":{"title":"Totem Cam - Totem MT | Totem Cam manufacturer | Shop","description":"Totem Cam, empotradores de levas con extraordinaria capacidad de agarre.","robots":{"index":"index","follow":"follow","max-snippet":"max-snippet:-1","max-image-preview":"max-image-preview:large","max-video-preview":"max-video-preview:-1"},"canonical":"https:\/\/www.totemmt.com\/es\/producto\/totem-cam\/","og_locale":"es_ES","og_type":"article","og_title":"Totem Cam - Totem MT | Totem Cam manufacturer | Shop","og_description":"Totem Cam, empotradores de levas con extraordinaria capacidad de agarre.","og_url":"https:\/\/www.totemmt.com\/es\/producto\/totem-cam\/","og_site_name":"Totem MT | Totem Cam manufacturer | Shop","article_publisher":"https:\/\/www.facebook.com\/totemcams","article_modified_time":"2026-05-01T06:13:47+00:00","twitter_card":"summary_large_image","twitter_site":"@totemmt","twitter_misc":{"Est. reading time":"1 minuto"},"schema":{"@context":"https:\/\/schema.org","@graph":[{"@type":"WebPage","@id":"https:\/\/www.totemmt.com\/es\/producto\/totem-cam\/","url":"https:\/\/www.totemmt.com\/es\/producto\/totem-cam\/","name":"Totem Cam - Totem MT | Totem Cam manufacturer | Shop","isPartOf":{"@id":"https:\/\/www.totemmt.com\/#website"},"datePublished":"2018-10-09T13:50:00+00:00","dateModified":"2026-05-01T06:13:47+00:00","description":"Totem Cam, empotradores de levas con extraordinaria capacidad de agarre.","breadcrumb":{"@id":"https:\/\/www.totemmt.com\/es\/producto\/totem-cam\/#breadcrumb"},"inLanguage":"es","potentialAction":[{"@type":"ReadAction","target":["https:\/\/www.totemmt.com\/es\/producto\/totem-cam\/"]}]},{"@type":"BreadcrumbList","@id":"https:\/\/www.totemmt.com\/es\/producto\/totem-cam\/#breadcrumb","itemListElement":[{"@type":"ListItem","position":1,"name":"Home","item":"https:\/\/www.totemmt.com\/es\/"},{"@type":"ListItem","position":2,"name":"Tienda","item":"https:\/\/www.totemmt.com\/es\/tienda\/"},{"@type":"ListItem","position":3,"name":"Totem Cam"}]},{"@type":"WebSite","@id":"https:\/\/www.totemmt.com\/#website","url":"https:\/\/www.totemmt.com\/","name":"Totem MT | Totem Cam manufacturer | Shop","description":"Manufacturer of high performance climbing gear.","publisher":{"@id":"https:\/\/www.totemmt.com\/#organization"},"potentialAction":[{"@type":"SearchAction","target":{"@type":"EntryPoint","urlTemplate":"https:\/\/www.totemmt.com\/?s={search_term_string}"},"query-input":{"@type":"PropertyValueSpecification","valueRequired":true,"valueName":"search_term_string"}}],"inLanguage":"es"},{"@type":"Organization","@id":"https:\/\/www.totemmt.com\/#organization","name":"Totem MT | Totem Cam manufacturer | Shop","url":"https:\/\/www.totemmt.com\/","logo":{"@type":"ImageObject","inLanguage":"es","@id":"https:\/\/www.totemmt.com\/#\/schema\/logo\/image\/","url":"https:\/\/www.totemmt.com\/wp-content\/uploads\/2018\/05\/TotemLogo.png","contentUrl":"https:\/\/www.totemmt.com\/wp-content\/uploads\/2018\/05\/TotemLogo.png","width":364,"height":138,"caption":"Totem MT | Totem Cam manufacturer | Shop"},"image":{"@id":"https:\/\/www.totemmt.com\/#\/schema\/logo\/image\/"},"sameAs":["https:\/\/www.facebook.com\/totemcams","https:\/\/x.com\/totemmt","https:\/\/instagram.com\/totemmt\/","https:\/\/www.youtube.com\/totemmt"]}]}},"_links":{"self":[{"href":"https:\/\/www.totemmt.com\/es\/wp-json\/wp\/v2\/product\/8073","targetHints":{"allow":["GET"]}}],"collection":[{"href":"https:\/\/www.totemmt.com\/es\/wp-json\/wp\/v2\/product"}],"about":[{"href":"https:\/\/www.totemmt.com\/es\/wp-json\/wp\/v2\/types\/product"}],"replies":[{"embeddable":true,"href":"https:\/\/www.totemmt.com\/es\/wp-json\/wp\/v2\/comments?post=8073"}],"wp:attachment":[{"href":"https:\/\/www.totemmt.com\/es\/wp-json\/wp\/v2\/media?parent=8073"}],"wp:term":[{"taxonomy":"product_brand","embeddable":true,"href":"https:\/\/www.totemmt.com\/es\/wp-json\/wp\/v2\/product_brand?post=8073"},{"taxonomy":"product_cat","embeddable":true,"href":"https:\/\/www.totemmt.com\/es\/wp-json\/wp\/v2\/product_cat?post=8073"},{"taxonomy":"product_tag","embeddable":true,"href":"https:\/\/www.totemmt.com\/es\/wp-json\/wp\/v2\/product_tag?post=8073"}],"curies":[{"name":"wp","href":"https:\/\/api.w.org\/{rel}","templated":true}]}}