{"id":8363,"date":"2018-10-29T11:53:18","date_gmt":"2018-10-29T11:53:18","guid":{"rendered":"https:\/\/www.totemmt.com\/?page_id=8363"},"modified":"2018-11-05T13:38:37","modified_gmt":"2018-11-05T13:38:37","slug":"qui-sommes-nous","status":"publish","type":"page","link":"https:\/\/www.totemmt.com\/fr\/qui-sommes-nous\/","title":{"rendered":"Qui sommes nous"},"content":{"rendered":"<p>Sommes une entreprise de travail coop\u00e9ratif du Pays Basque et notre mission est de fournir \u00e0 la communaut\u00e9 des grimpeurs avec \u00e9quipement de protection de la qualit\u00e9.<\/p>\n<p>La production est enti\u00e8rement faite \u00e0 Hernani (Gipuzkoa). Nos efforts sont concentr\u00e9s pour am\u00e9liorer les processus de production et des syst\u00e8mes de gestion pour atteindre ce qui est exig\u00e9 par le client: de bons produits, des prix comp\u00e9titifs et la livraison \u00e0 temps.<\/p>\n<p>Tout cela appuy\u00e9 sur les valeurs fondamentales qui sont tr\u00e8s importants pour nous: donner la priorit\u00e9 \u00e0 l&#8217;int\u00e9r\u00eat de l&#8217;alpiniste, les relations de travail \u00e9quitables, des d\u00e9cisions d\u00e9mocratiques, partager la richesse avec notre voisin, homme \/ femme \u00e9quit\u00e9 et de respect de l&#8217;environnement.<\/p>\n<p>Nous tenons \u00e0 exprimer notre reconnaissance pour toute l&#8217;aide inestimable que nous avons re\u00e7u ces ann\u00e9es. Entre nous, il a \u00e9t\u00e9 possible!<\/p>\n","protected":false},"excerpt":{"rendered":"<p>Sommes une entreprise de travail coop\u00e9ratif du Pays Basque et notre mission est de fournir \u00e0 la communaut\u00e9 des grimpeurs avec \u00e9quipement de protection de la qualit\u00e9. La production est enti\u00e8rement faite \u00e0 Hernani (Gipuzkoa). Nos efforts sont concentr\u00e9s pour am\u00e9liorer les processus de production et des syst\u00e8mes de gestion pour atteindre ce qui est [&hellip;]<\/p>\n","protected":false},"author":1,"featured_media":0,"parent":0,"menu_order":0,"comment_status":"closed","ping_status":"closed","template":"template-fullwidth.php","meta":{"footnotes":""},"class_list":["post-8363","page","type-page","status-publish","hentry"],"yoast_head":"<!-- This site is optimized with the Yoast SEO plugin v25.8 - https:\/\/yoast.com\/wordpress\/plugins\/seo\/ -->\n<title>Qui sommes nous - Totem MT<\/title>\n<meta name=\"robots\" content=\"index, follow, max-snippet:-1, max-image-preview:large, max-video-preview:-1\" \/>\n<link rel=\"canonical\" href=\"https:\/\/www.totemmt.com\/fr\/qui-sommes-nous\/\" \/>\n<meta property=\"og:locale\" content=\"fr_FR\" \/>\n<meta property=\"og:type\" content=\"article\" \/>\n<meta property=\"og:title\" content=\"Qui sommes nous - Totem MT\" \/>\n<meta property=\"og:description\" content=\"Sommes une entreprise de travail coop\u00e9ratif du Pays Basque et notre mission est de fournir \u00e0 la communaut\u00e9 des grimpeurs avec \u00e9quipement de protection de la qualit\u00e9. La production est enti\u00e8rement faite \u00e0 Hernani (Gipuzkoa). Nos efforts sont concentr\u00e9s pour am\u00e9liorer les processus de production et des syst\u00e8mes de gestion pour atteindre ce qui est [&hellip;]\" \/>\n<meta property=\"og:url\" content=\"https:\/\/www.totemmt.com\/fr\/qui-sommes-nous\/\" \/>\n<meta property=\"og:site_name\" content=\"Totem MT\" \/>\n<meta property=\"article:publisher\" content=\"https:\/\/www.facebook.com\/totemcams\" \/>\n<meta property=\"article:modified_time\" content=\"2018-11-05T13:38:37+00:00\" \/>\n<meta name=\"twitter:card\" content=\"summary_large_image\" \/>\n<meta name=\"twitter:site\" content=\"@totemmt\" \/>\n<meta name=\"twitter:label1\" content=\"Est. reading time\" \/>\n\t<meta name=\"twitter:data1\" content=\"1 minute\" \/>\n<script type=\"application\/ld+json\" class=\"yoast-schema-graph\">{\"@context\":\"https:\/\/schema.org\",\"@graph\":[{\"@type\":\"WebPage\",\"@id\":\"https:\/\/www.totemmt.com\/fr\/qui-sommes-nous\/\",\"url\":\"https:\/\/www.totemmt.com\/fr\/qui-sommes-nous\/\",\"name\":\"Qui sommes nous - Totem MT\",\"isPartOf\":{\"@id\":\"https:\/\/www.totemmt.com\/#website\"},\"datePublished\":\"2018-10-29T11:53:18+00:00\",\"dateModified\":\"2018-11-05T13:38:37+00:00\",\"breadcrumb\":{\"@id\":\"https:\/\/www.totemmt.com\/fr\/qui-sommes-nous\/#breadcrumb\"},\"inLanguage\":\"fr-FR\",\"potentialAction\":[{\"@type\":\"ReadAction\",\"target\":[\"https:\/\/www.totemmt.com\/fr\/qui-sommes-nous\/\"]}]},{\"@type\":\"BreadcrumbList\",\"@id\":\"https:\/\/www.totemmt.com\/fr\/qui-sommes-nous\/#breadcrumb\",\"itemListElement\":[{\"@type\":\"ListItem\",\"position\":1,\"name\":\"Home\",\"item\":\"https:\/\/www.totemmt.com\/fr\/\"},{\"@type\":\"ListItem\",\"position\":2,\"name\":\"Qui sommes nous\"}]},{\"@type\":\"WebSite\",\"@id\":\"https:\/\/www.totemmt.com\/#website\",\"url\":\"https:\/\/www.totemmt.com\/\",\"name\":\"Totem MT\",\"description\":\"Totem MT\",\"publisher\":{\"@id\":\"https:\/\/www.totemmt.com\/#organization\"},\"potentialAction\":[{\"@type\":\"SearchAction\",\"target\":{\"@type\":\"EntryPoint\",\"urlTemplate\":\"https:\/\/www.totemmt.com\/?s={search_term_string}\"},\"query-input\":{\"@type\":\"PropertyValueSpecification\",\"valueRequired\":true,\"valueName\":\"search_term_string\"}}],\"inLanguage\":\"fr-FR\"},{\"@type\":\"Organization\",\"@id\":\"https:\/\/www.totemmt.com\/#organization\",\"name\":\"Totem MT\",\"url\":\"https:\/\/www.totemmt.com\/\",\"logo\":{\"@type\":\"ImageObject\",\"inLanguage\":\"fr-FR\",\"@id\":\"https:\/\/www.totemmt.com\/#\/schema\/logo\/image\/\",\"url\":\"https:\/\/www.totemmt.com\/wp-content\/uploads\/2018\/05\/TotemLogo.png\",\"contentUrl\":\"https:\/\/www.totemmt.com\/wp-content\/uploads\/2018\/05\/TotemLogo.png\",\"width\":364,\"height\":138,\"caption\":\"Totem MT\"},\"image\":{\"@id\":\"https:\/\/www.totemmt.com\/#\/schema\/logo\/image\/\"},\"sameAs\":[\"https:\/\/www.facebook.com\/totemcams\",\"https:\/\/x.com\/totemmt\",\"https:\/\/instagram.com\/totemmt\/\",\"https:\/\/www.youtube.com\/totemmt\"]}]}<\/script>\n<!-- \/ Yoast SEO plugin. -->","yoast_head_json":{"title":"Qui sommes nous - Totem MT","robots":{"index":"index","follow":"follow","max-snippet":"max-snippet:-1","max-image-preview":"max-image-preview:large","max-video-preview":"max-video-preview:-1"},"canonical":"https:\/\/www.totemmt.com\/fr\/qui-sommes-nous\/","og_locale":"fr_FR","og_type":"article","og_title":"Qui sommes nous - Totem MT","og_description":"Sommes une entreprise de travail coop\u00e9ratif du Pays Basque et notre mission est de fournir \u00e0 la communaut\u00e9 des grimpeurs avec \u00e9quipement de protection de la qualit\u00e9. La production est enti\u00e8rement faite \u00e0 Hernani (Gipuzkoa). Nos efforts sont concentr\u00e9s pour am\u00e9liorer les processus de production et des syst\u00e8mes de gestion pour atteindre ce qui est [&hellip;]","og_url":"https:\/\/www.totemmt.com\/fr\/qui-sommes-nous\/","og_site_name":"Totem MT","article_publisher":"https:\/\/www.facebook.com\/totemcams","article_modified_time":"2018-11-05T13:38:37+00:00","twitter_card":"summary_large_image","twitter_site":"@totemmt","twitter_misc":{"Est. reading time":"1 minute"},"schema":{"@context":"https:\/\/schema.org","@graph":[{"@type":"WebPage","@id":"https:\/\/www.totemmt.com\/fr\/qui-sommes-nous\/","url":"https:\/\/www.totemmt.com\/fr\/qui-sommes-nous\/","name":"Qui sommes nous - Totem MT","isPartOf":{"@id":"https:\/\/www.totemmt.com\/#website"},"datePublished":"2018-10-29T11:53:18+00:00","dateModified":"2018-11-05T13:38:37+00:00","breadcrumb":{"@id":"https:\/\/www.totemmt.com\/fr\/qui-sommes-nous\/#breadcrumb"},"inLanguage":"fr-FR","potentialAction":[{"@type":"ReadAction","target":["https:\/\/www.totemmt.com\/fr\/qui-sommes-nous\/"]}]},{"@type":"BreadcrumbList","@id":"https:\/\/www.totemmt.com\/fr\/qui-sommes-nous\/#breadcrumb","itemListElement":[{"@type":"ListItem","position":1,"name":"Home","item":"https:\/\/www.totemmt.com\/fr\/"},{"@type":"ListItem","position":2,"name":"Qui sommes nous"}]},{"@type":"WebSite","@id":"https:\/\/www.totemmt.com\/#website","url":"https:\/\/www.totemmt.com\/","name":"Totem MT","description":"Totem MT","publisher":{"@id":"https:\/\/www.totemmt.com\/#organization"},"potentialAction":[{"@type":"SearchAction","target":{"@type":"EntryPoint","urlTemplate":"https:\/\/www.totemmt.com\/?s={search_term_string}"},"query-input":{"@type":"PropertyValueSpecification","valueRequired":true,"valueName":"search_term_string"}}],"inLanguage":"fr-FR"},{"@type":"Organization","@id":"https:\/\/www.totemmt.com\/#organization","name":"Totem MT","url":"https:\/\/www.totemmt.com\/","logo":{"@type":"ImageObject","inLanguage":"fr-FR","@id":"https:\/\/www.totemmt.com\/#\/schema\/logo\/image\/","url":"https:\/\/www.totemmt.com\/wp-content\/uploads\/2018\/05\/TotemLogo.png","contentUrl":"https:\/\/www.totemmt.com\/wp-content\/uploads\/2018\/05\/TotemLogo.png","width":364,"height":138,"caption":"Totem MT"},"image":{"@id":"https:\/\/www.totemmt.com\/#\/schema\/logo\/image\/"},"sameAs":["https:\/\/www.facebook.com\/totemcams","https:\/\/x.com\/totemmt","https:\/\/instagram.com\/totemmt\/","https:\/\/www.youtube.com\/totemmt"]}]}},"_links":{"self":[{"href":"https:\/\/www.totemmt.com\/fr\/wp-json\/wp\/v2\/pages\/8363","targetHints":{"allow":["GET"]}}],"collection":[{"href":"https:\/\/www.totemmt.com\/fr\/wp-json\/wp\/v2\/pages"}],"about":[{"href":"https:\/\/www.totemmt.com\/fr\/wp-json\/wp\/v2\/types\/page"}],"author":[{"embeddable":true,"href":"https:\/\/www.totemmt.com\/fr\/wp-json\/wp\/v2\/users\/1"}],"replies":[{"embeddable":true,"href":"https:\/\/www.totemmt.com\/fr\/wp-json\/wp\/v2\/comments?post=8363"}],"version-history":[{"count":3,"href":"https:\/\/www.totemmt.com\/fr\/wp-json\/wp\/v2\/pages\/8363\/revisions"}],"predecessor-version":[{"id":8421,"href":"https:\/\/www.totemmt.com\/fr\/wp-json\/wp\/v2\/pages\/8363\/revisions\/8421"}],"wp:attachment":[{"href":"https:\/\/www.totemmt.com\/fr\/wp-json\/wp\/v2\/media?parent=8363"}],"curies":[{"name":"wp","href":"https:\/\/api.w.org\/{rel}","templated":true}]}}