{"id":8379,"date":"2018-10-29T16:22:01","date_gmt":"2018-10-29T16:22:01","guid":{"rendered":"https:\/\/www.totemmt.com\/?page_id=8379"},"modified":"2025-05-13T11:50:19","modified_gmt":"2025-05-13T11:50:19","slug":"distributeurs","status":"publish","type":"page","link":"https:\/\/www.totemmt.com\/fr\/distributeurs\/","title":{"rendered":"Distributeurs"},"content":{"rendered":"<div style=\"margin: 20px 0;\"><strong>Vous avez un magasin et souhaitez vendre nos produits?<\/strong><br \/>\nSi vous g\u00e9rez une boutique physique ou en ligne et souhaitez proposer nos produits, nous serions ravis de collaborer avec vous.<br \/>\n\u00c9crivez-nous \u00e0 <a href=\"mailto:info@totemcams.com\">info@totemcams.com<\/a> et nous vous fournirons toutes les informations n\u00e9cessaires.<\/div>\n<div style=\"margin: 50px 0;\"><strong>Une liste compl\u00e8te des distributeurs agr\u00e9\u00e9s de Totem MT dans le monde entier :<\/strong><\/div>\n<h2><strong>EUROPE<\/strong><\/h2>\n<h4>ALLEMAGNE<\/h4>\n<p>Aliens Bergsport &amp; Arbeitssicherheit e.K., <a href=\"https:\/\/www.aliens-outdoor.com\/\">www.aliens-outdoor.de<\/a><\/p>\n<h4>NORV\u00c8GE<\/h4>\n<p>Varri AS, <a href=\"https:\/\/www.varri.no\/\">www.varri.no<\/a><\/p>\n<h4>FINLANDE et SUEDE<\/h4>\n<p>Vuorivaruste, <a href=\"https:\/\/vuorivaruste.com\/\">vuorivaruste.com<\/a>, e-mail: info@vuorivaruste.com, t\u00e9l\u00e9phone: +358 40 84 77 108<\/p>\n<h4>POLOGNE<\/h4>\n<p>Namaste S.C., <a href=\"http:\/\/namaste.pl\/\">namaste.pl<\/a><\/p>\n<h4>ROYAUME-UNI<\/h4>\n<p>Beta Climbing Designs, <a href=\"https:\/\/www.betaclimbingdesigns.com\/\">www.betaclimbingdesigns.com<\/a><\/p>\n<h4>R\u00c9PUBLIQUE TCH\u00c8QUE et SLOVAQUIE<\/h4>\n<p>THERMO EFFECT, e-mail: hrtchyty@gmail.com<\/p>\n<h2><strong>AM\u00c9RIQUE DU NORD<\/strong><\/h2>\n<h4>\u00c9TATS-UNIS<\/h4>\n<p>The Stone Group West, <a href=\"http:\/\/www.thestonegroupwest.com\/\">www.thestonegroupwest.com<\/a><\/p>\n<h2><strong>AM\u00c9RIQUE DU SUD<\/strong><\/h2>\n<h4>CHILE<\/h4>\n<p>AVISTA SpA, t\u00e9l\u00e9phone: +569 8523 2633, e-mail: totemmt.cl@gmail.com, Instagram: @totemmt.cl<\/p>\n<h2><strong>ASIE<\/strong><\/h2>\n<h4>JAPON<\/h4>\n<p>Caravan Co.,Ltd., <a href=\"https:\/\/www.caravan-web.com\/\">www.caravan-web.com<\/a><\/p>\n<h2><strong>OCEANIA<\/strong><\/h2>\n<h4>AUSTRALIE<\/h4>\n<p>Climbing Anchors, t\u00e9l\u00e9phone:+61 2 9052 6432, e-mail: sales@climbinganchors.com<\/p>\n","protected":false},"excerpt":{"rendered":"<p>Vous avez un magasin et souhaitez vendre nos produits? Si vous g\u00e9rez une boutique physique ou en ligne et souhaitez proposer nos produits, nous serions ravis de collaborer avec vous. \u00c9crivez-nous \u00e0 info@totemcams.com et nous vous fournirons toutes les informations n\u00e9cessaires. Une liste compl\u00e8te des distributeurs agr\u00e9\u00e9s de Totem MT dans le monde entier : [&hellip;]<\/p>\n","protected":false},"author":1,"featured_media":0,"parent":0,"menu_order":0,"comment_status":"closed","ping_status":"closed","template":"template-fullwidth.php","meta":{"footnotes":""},"class_list":["post-8379","page","type-page","status-publish","hentry"],"yoast_head":"<!-- This site is optimized with the Yoast SEO plugin v25.8 - https:\/\/yoast.com\/wordpress\/plugins\/seo\/ -->\n<title>Distributeurs - Totem MT<\/title>\n<meta name=\"description\" content=\"Une liste compl\u00e8te des distributeurs autoris\u00e9s Totem MT dans le monde.\" \/>\n<meta name=\"robots\" content=\"index, follow, max-snippet:-1, max-image-preview:large, max-video-preview:-1\" \/>\n<link rel=\"canonical\" href=\"https:\/\/www.totemmt.com\/fr\/distributeurs\/\" \/>\n<meta property=\"og:locale\" content=\"fr_FR\" \/>\n<meta property=\"og:type\" content=\"article\" \/>\n<meta property=\"og:title\" content=\"Distributeurs - Totem MT\" \/>\n<meta property=\"og:description\" content=\"Une liste compl\u00e8te des distributeurs autoris\u00e9s Totem MT dans le monde.\" \/>\n<meta property=\"og:url\" content=\"https:\/\/www.totemmt.com\/fr\/distributeurs\/\" \/>\n<meta property=\"og:site_name\" content=\"Totem MT\" \/>\n<meta property=\"article:publisher\" content=\"https:\/\/www.facebook.com\/totemcams\" \/>\n<meta property=\"article:modified_time\" content=\"2025-05-13T11:50:19+00:00\" \/>\n<meta name=\"twitter:card\" content=\"summary_large_image\" \/>\n<meta name=\"twitter:site\" content=\"@totemmt\" \/>\n<meta name=\"twitter:label1\" content=\"Est. reading time\" \/>\n\t<meta name=\"twitter:data1\" content=\"1 minute\" \/>\n<script type=\"application\/ld+json\" class=\"yoast-schema-graph\">{\"@context\":\"https:\/\/schema.org\",\"@graph\":[{\"@type\":\"WebPage\",\"@id\":\"https:\/\/www.totemmt.com\/fr\/distributeurs\/\",\"url\":\"https:\/\/www.totemmt.com\/fr\/distributeurs\/\",\"name\":\"Distributeurs - Totem MT\",\"isPartOf\":{\"@id\":\"https:\/\/www.totemmt.com\/#website\"},\"datePublished\":\"2018-10-29T16:22:01+00:00\",\"dateModified\":\"2025-05-13T11:50:19+00:00\",\"description\":\"Une liste compl\u00e8te des distributeurs autoris\u00e9s Totem MT dans le monde.\",\"breadcrumb\":{\"@id\":\"https:\/\/www.totemmt.com\/fr\/distributeurs\/#breadcrumb\"},\"inLanguage\":\"fr-FR\",\"potentialAction\":[{\"@type\":\"ReadAction\",\"target\":[\"https:\/\/www.totemmt.com\/fr\/distributeurs\/\"]}]},{\"@type\":\"BreadcrumbList\",\"@id\":\"https:\/\/www.totemmt.com\/fr\/distributeurs\/#breadcrumb\",\"itemListElement\":[{\"@type\":\"ListItem\",\"position\":1,\"name\":\"Home\",\"item\":\"https:\/\/www.totemmt.com\/fr\/\"},{\"@type\":\"ListItem\",\"position\":2,\"name\":\"Distributeurs\"}]},{\"@type\":\"WebSite\",\"@id\":\"https:\/\/www.totemmt.com\/#website\",\"url\":\"https:\/\/www.totemmt.com\/\",\"name\":\"Totem MT\",\"description\":\"Totem MT\",\"publisher\":{\"@id\":\"https:\/\/www.totemmt.com\/#organization\"},\"potentialAction\":[{\"@type\":\"SearchAction\",\"target\":{\"@type\":\"EntryPoint\",\"urlTemplate\":\"https:\/\/www.totemmt.com\/?s={search_term_string}\"},\"query-input\":{\"@type\":\"PropertyValueSpecification\",\"valueRequired\":true,\"valueName\":\"search_term_string\"}}],\"inLanguage\":\"fr-FR\"},{\"@type\":\"Organization\",\"@id\":\"https:\/\/www.totemmt.com\/#organization\",\"name\":\"Totem MT\",\"url\":\"https:\/\/www.totemmt.com\/\",\"logo\":{\"@type\":\"ImageObject\",\"inLanguage\":\"fr-FR\",\"@id\":\"https:\/\/www.totemmt.com\/#\/schema\/logo\/image\/\",\"url\":\"https:\/\/www.totemmt.com\/wp-content\/uploads\/2018\/05\/TotemLogo.png\",\"contentUrl\":\"https:\/\/www.totemmt.com\/wp-content\/uploads\/2018\/05\/TotemLogo.png\",\"width\":364,\"height\":138,\"caption\":\"Totem MT\"},\"image\":{\"@id\":\"https:\/\/www.totemmt.com\/#\/schema\/logo\/image\/\"},\"sameAs\":[\"https:\/\/www.facebook.com\/totemcams\",\"https:\/\/x.com\/totemmt\",\"https:\/\/instagram.com\/totemmt\/\",\"https:\/\/www.youtube.com\/totemmt\"]}]}<\/script>\n<!-- \/ Yoast SEO plugin. -->","yoast_head_json":{"title":"Distributeurs - Totem MT","description":"Une liste compl\u00e8te des distributeurs autoris\u00e9s Totem MT dans le monde.","robots":{"index":"index","follow":"follow","max-snippet":"max-snippet:-1","max-image-preview":"max-image-preview:large","max-video-preview":"max-video-preview:-1"},"canonical":"https:\/\/www.totemmt.com\/fr\/distributeurs\/","og_locale":"fr_FR","og_type":"article","og_title":"Distributeurs - Totem MT","og_description":"Une liste compl\u00e8te des distributeurs autoris\u00e9s Totem MT dans le monde.","og_url":"https:\/\/www.totemmt.com\/fr\/distributeurs\/","og_site_name":"Totem MT","article_publisher":"https:\/\/www.facebook.com\/totemcams","article_modified_time":"2025-05-13T11:50:19+00:00","twitter_card":"summary_large_image","twitter_site":"@totemmt","twitter_misc":{"Est. reading time":"1 minute"},"schema":{"@context":"https:\/\/schema.org","@graph":[{"@type":"WebPage","@id":"https:\/\/www.totemmt.com\/fr\/distributeurs\/","url":"https:\/\/www.totemmt.com\/fr\/distributeurs\/","name":"Distributeurs - Totem MT","isPartOf":{"@id":"https:\/\/www.totemmt.com\/#website"},"datePublished":"2018-10-29T16:22:01+00:00","dateModified":"2025-05-13T11:50:19+00:00","description":"Une liste compl\u00e8te des distributeurs autoris\u00e9s Totem MT dans le monde.","breadcrumb":{"@id":"https:\/\/www.totemmt.com\/fr\/distributeurs\/#breadcrumb"},"inLanguage":"fr-FR","potentialAction":[{"@type":"ReadAction","target":["https:\/\/www.totemmt.com\/fr\/distributeurs\/"]}]},{"@type":"BreadcrumbList","@id":"https:\/\/www.totemmt.com\/fr\/distributeurs\/#breadcrumb","itemListElement":[{"@type":"ListItem","position":1,"name":"Home","item":"https:\/\/www.totemmt.com\/fr\/"},{"@type":"ListItem","position":2,"name":"Distributeurs"}]},{"@type":"WebSite","@id":"https:\/\/www.totemmt.com\/#website","url":"https:\/\/www.totemmt.com\/","name":"Totem MT","description":"Totem MT","publisher":{"@id":"https:\/\/www.totemmt.com\/#organization"},"potentialAction":[{"@type":"SearchAction","target":{"@type":"EntryPoint","urlTemplate":"https:\/\/www.totemmt.com\/?s={search_term_string}"},"query-input":{"@type":"PropertyValueSpecification","valueRequired":true,"valueName":"search_term_string"}}],"inLanguage":"fr-FR"},{"@type":"Organization","@id":"https:\/\/www.totemmt.com\/#organization","name":"Totem MT","url":"https:\/\/www.totemmt.com\/","logo":{"@type":"ImageObject","inLanguage":"fr-FR","@id":"https:\/\/www.totemmt.com\/#\/schema\/logo\/image\/","url":"https:\/\/www.totemmt.com\/wp-content\/uploads\/2018\/05\/TotemLogo.png","contentUrl":"https:\/\/www.totemmt.com\/wp-content\/uploads\/2018\/05\/TotemLogo.png","width":364,"height":138,"caption":"Totem MT"},"image":{"@id":"https:\/\/www.totemmt.com\/#\/schema\/logo\/image\/"},"sameAs":["https:\/\/www.facebook.com\/totemcams","https:\/\/x.com\/totemmt","https:\/\/instagram.com\/totemmt\/","https:\/\/www.youtube.com\/totemmt"]}]}},"_links":{"self":[{"href":"https:\/\/www.totemmt.com\/fr\/wp-json\/wp\/v2\/pages\/8379","targetHints":{"allow":["GET"]}}],"collection":[{"href":"https:\/\/www.totemmt.com\/fr\/wp-json\/wp\/v2\/pages"}],"about":[{"href":"https:\/\/www.totemmt.com\/fr\/wp-json\/wp\/v2\/types\/page"}],"author":[{"embeddable":true,"href":"https:\/\/www.totemmt.com\/fr\/wp-json\/wp\/v2\/users\/1"}],"replies":[{"embeddable":true,"href":"https:\/\/www.totemmt.com\/fr\/wp-json\/wp\/v2\/comments?post=8379"}],"version-history":[{"count":11,"href":"https:\/\/www.totemmt.com\/fr\/wp-json\/wp\/v2\/pages\/8379\/revisions"}],"predecessor-version":[{"id":20486,"href":"https:\/\/www.totemmt.com\/fr\/wp-json\/wp\/v2\/pages\/8379\/revisions\/20486"}],"wp:attachment":[{"href":"https:\/\/www.totemmt.com\/fr\/wp-json\/wp\/v2\/media?parent=8379"}],"curies":[{"name":"wp","href":"https:\/\/api.w.org\/{rel}","templated":true}]}}