{"id":8381,"date":"2018-10-29T16:23:00","date_gmt":"2018-10-29T16:23:00","guid":{"rendered":"https:\/\/www.totemmt.com\/?page_id=8381"},"modified":"2025-10-21T08:34:27","modified_gmt":"2025-10-21T08:34:27","slug":"nos-envois","status":"publish","type":"page","link":"https:\/\/www.totemmt.com\/fr\/nos-envois\/","title":{"rendered":"Nos envois"},"content":{"rendered":"<p> Les informations ci-dessous sont donn\u00e9es nonobstant l\u2019article 8 de nos <a href=\"https:\/\/www.totemmt.com\/fr\/conditions-generales-de-vente\/\"> conditions g\u00e9n\u00e9rales de vente<\/a>.<\/p>\n<p><\/p>\n<h2>UNION EUROP\u00c9ENNE<\/h2>\n<p><\/p>\n<ul>\n<li><strong>Mode de livraison:<\/strong><\/li>\n<\/ul>\n<p><\/p>\n<p>Livraison gratuite. Les commandes sont trait\u00e9es le jour ouvrable. Le d\u00e9lai de livraison est de 2 jours ouvrables pour l\u2019Espagne et de 3 \u00e0 5 jours ouvrables pour le reste de l\u2019Europe. <strong>Nous ne pouvons pas exp\u00e9dier \u00e0 des bo\u00eetes postales!<\/strong><\/p>\n<p><\/p>\n<ul>\n<li><strong>Imp\u00f4t \u00e0 payer:<\/strong><\/li>\n<\/ul>\n<p><\/p>\n<p>Les prix incluent le taux de TVA correspondant au pays de destination. Les clients disposant d\u2019un num\u00e9ro VAT valide sont exon\u00e9r\u00e9s de TVA (\u00e0 l\u2019exception de l\u2019Espagne). Pour passer une commande exon\u00e9r\u00e9e de TVA, envoyez un e-mail \u00e0 <a href=\"mailto:recipient@example.com\">info@totemcams.com<\/a> avec toutes les informations relatives \u00e0 la commande, y compris le num\u00e9ro VAT de l\u2019entreprise. Nous vous donnerons les instructions pour le paiement par virement ou par carte.<\/p>\n<p><\/p>\n<h2>EN DEHORS DE L\u2019UNION EUROP\u00c9ENNE<\/h2>\n<p><\/p>\n<ul>\n<li><strong>Mode et frais d\u2019exp\u00e9dition:<\/strong><\/li>\n<\/ul>\n<p><\/p>\n<p>Le mode et les frais d\u2019exp\u00e9dition d\u00e9pendent du pays de destination et du montant de la commande. Vous pouvez v\u00e9rifier la m\u00e9thode et les frais d\u2019exp\u00e9dition applicables \u00e0 votre pays et au montant de votre commande sur les pages du panier et de la commande. <strong>Nous ne sommes pas en mesure d\u2019exp\u00e9dier \u00e0 des bo\u00eetes postales!<\/strong><\/p>\n<p><\/p>\n<ul>\n<li><strong>Taxes applicables:<\/strong><\/li>\n<\/ul>\n<p><\/p>\n<p>Nous ne facturons aucune taxe espagnole ni europ\u00e9enne. Au moment de l&#8217;achat, vous verrez les conditions d&#8217;exp\u00e9dition, qui peuvent \u00eatre:<\/p>\n<p><\/p>\n<ul>\n<li style=\"list-style-type: none;\">\n<ul>\n<li>\n<p><strong>Delivery Duty Paid (DDP):<\/strong><\/p>\n<ul>\n<li>\n<p>Cela signifie que vous n&#8217;aurez rien \u00e0 payer \u00e0 la livraison. Les droits de douane et les taxes seront pay\u00e9s par Totem MT..<\/p>\n<\/li>\n<\/ul>\n<p><\/li>\n<p><\/p>\n<li>\n<p><strong>Delivered-at-Place (DAP):<\/strong><\/p>\n<ul>\n<li>\n<p>Cela signifie que les droits de douane et les taxes NE sont PAS pay\u00e9s. Vous devrez assumer ces frais.<\/p>\n<\/li>\n<p><\/ul>\n<p><\/li>\n<p><\/ul>\n<p><\/li>\n<p><\/ul>\n<p><\/p>\n<p>Dans le cas o\u00f9 le client refuserait la livraison de la commande pour ne pas avoir assum\u00e9 les frais d\u2019importation (y compris, sans s\u2019y limiter, les droits, taxes ou frais de douane), Totem MT se r\u00e9serve le droit de d\u00e9duire du remboursement correspondant les frais d\u2019exp\u00e9dition et de retour engag\u00e9s.<\/p>\n\n<p><\/p>\n","protected":false},"excerpt":{"rendered":"<p>Les informations ci-dessous sont donn\u00e9es nonobstant l\u2019article 8 de nos conditions g\u00e9n\u00e9rales de vente. UNION EUROP\u00c9ENNE Mode de livraison: Livraison gratuite. Les commandes sont trait\u00e9es le jour ouvrable. Le d\u00e9lai de livraison est de 2 jours ouvrables pour l\u2019Espagne et de 3 \u00e0 5 jours ouvrables pour le reste de l\u2019Europe. Nous ne pouvons pas [&hellip;]<\/p>\n","protected":false},"author":1,"featured_media":0,"parent":0,"menu_order":0,"comment_status":"closed","ping_status":"closed","template":"template-fullwidth.php","meta":{"footnotes":""},"class_list":["post-8381","page","type-page","status-publish","hentry"],"yoast_head":"<!-- This site is optimized with the Yoast SEO plugin v25.8 - https:\/\/yoast.com\/wordpress\/plugins\/seo\/ -->\n<title>Nos envois - Totem MT<\/title>\n<meta name=\"description\" content=\"Here you will find shipping info of Totem MT climbing gear store.\" \/>\n<meta name=\"robots\" content=\"index, follow, max-snippet:-1, max-image-preview:large, max-video-preview:-1\" \/>\n<link rel=\"canonical\" href=\"https:\/\/www.totemmt.com\/fr\/nos-envois\/\" \/>\n<meta property=\"og:locale\" content=\"fr_FR\" \/>\n<meta property=\"og:type\" content=\"article\" \/>\n<meta property=\"og:title\" content=\"Nos envois - Totem MT\" \/>\n<meta property=\"og:description\" content=\"Here you will find shipping info of Totem MT climbing gear store.\" \/>\n<meta property=\"og:url\" content=\"https:\/\/www.totemmt.com\/fr\/nos-envois\/\" \/>\n<meta property=\"og:site_name\" content=\"Totem MT\" \/>\n<meta property=\"article:publisher\" content=\"https:\/\/www.facebook.com\/totemcams\" \/>\n<meta property=\"article:modified_time\" content=\"2025-10-21T08:34:27+00:00\" \/>\n<meta name=\"twitter:card\" content=\"summary_large_image\" \/>\n<meta name=\"twitter:site\" content=\"@totemmt\" \/>\n<meta name=\"twitter:label1\" content=\"Est. reading time\" \/>\n\t<meta name=\"twitter:data1\" content=\"2 minutes\" \/>\n<script type=\"application\/ld+json\" class=\"yoast-schema-graph\">{\"@context\":\"https:\/\/schema.org\",\"@graph\":[{\"@type\":\"WebPage\",\"@id\":\"https:\/\/www.totemmt.com\/fr\/nos-envois\/\",\"url\":\"https:\/\/www.totemmt.com\/fr\/nos-envois\/\",\"name\":\"Nos envois - Totem MT\",\"isPartOf\":{\"@id\":\"https:\/\/www.totemmt.com\/#website\"},\"datePublished\":\"2018-10-29T16:23:00+00:00\",\"dateModified\":\"2025-10-21T08:34:27+00:00\",\"description\":\"Here you will find shipping info of Totem MT climbing gear store.\",\"breadcrumb\":{\"@id\":\"https:\/\/www.totemmt.com\/fr\/nos-envois\/#breadcrumb\"},\"inLanguage\":\"fr-FR\",\"potentialAction\":[{\"@type\":\"ReadAction\",\"target\":[\"https:\/\/www.totemmt.com\/fr\/nos-envois\/\"]}]},{\"@type\":\"BreadcrumbList\",\"@id\":\"https:\/\/www.totemmt.com\/fr\/nos-envois\/#breadcrumb\",\"itemListElement\":[{\"@type\":\"ListItem\",\"position\":1,\"name\":\"Home\",\"item\":\"https:\/\/www.totemmt.com\/fr\/\"},{\"@type\":\"ListItem\",\"position\":2,\"name\":\"Nos envois\"}]},{\"@type\":\"WebSite\",\"@id\":\"https:\/\/www.totemmt.com\/#website\",\"url\":\"https:\/\/www.totemmt.com\/\",\"name\":\"Totem MT\",\"description\":\"Totem MT\",\"publisher\":{\"@id\":\"https:\/\/www.totemmt.com\/#organization\"},\"potentialAction\":[{\"@type\":\"SearchAction\",\"target\":{\"@type\":\"EntryPoint\",\"urlTemplate\":\"https:\/\/www.totemmt.com\/?s={search_term_string}\"},\"query-input\":{\"@type\":\"PropertyValueSpecification\",\"valueRequired\":true,\"valueName\":\"search_term_string\"}}],\"inLanguage\":\"fr-FR\"},{\"@type\":\"Organization\",\"@id\":\"https:\/\/www.totemmt.com\/#organization\",\"name\":\"Totem MT\",\"url\":\"https:\/\/www.totemmt.com\/\",\"logo\":{\"@type\":\"ImageObject\",\"inLanguage\":\"fr-FR\",\"@id\":\"https:\/\/www.totemmt.com\/#\/schema\/logo\/image\/\",\"url\":\"https:\/\/www.totemmt.com\/wp-content\/uploads\/2018\/05\/TotemLogo.png\",\"contentUrl\":\"https:\/\/www.totemmt.com\/wp-content\/uploads\/2018\/05\/TotemLogo.png\",\"width\":364,\"height\":138,\"caption\":\"Totem MT\"},\"image\":{\"@id\":\"https:\/\/www.totemmt.com\/#\/schema\/logo\/image\/\"},\"sameAs\":[\"https:\/\/www.facebook.com\/totemcams\",\"https:\/\/x.com\/totemmt\",\"https:\/\/instagram.com\/totemmt\/\",\"https:\/\/www.youtube.com\/totemmt\"]}]}<\/script>\n<!-- \/ Yoast SEO plugin. -->","yoast_head_json":{"title":"Nos envois - Totem MT","description":"Here you will find shipping info of Totem MT climbing gear store.","robots":{"index":"index","follow":"follow","max-snippet":"max-snippet:-1","max-image-preview":"max-image-preview:large","max-video-preview":"max-video-preview:-1"},"canonical":"https:\/\/www.totemmt.com\/fr\/nos-envois\/","og_locale":"fr_FR","og_type":"article","og_title":"Nos envois - Totem MT","og_description":"Here you will find shipping info of Totem MT climbing gear store.","og_url":"https:\/\/www.totemmt.com\/fr\/nos-envois\/","og_site_name":"Totem MT","article_publisher":"https:\/\/www.facebook.com\/totemcams","article_modified_time":"2025-10-21T08:34:27+00:00","twitter_card":"summary_large_image","twitter_site":"@totemmt","twitter_misc":{"Est. reading time":"2 minutes"},"schema":{"@context":"https:\/\/schema.org","@graph":[{"@type":"WebPage","@id":"https:\/\/www.totemmt.com\/fr\/nos-envois\/","url":"https:\/\/www.totemmt.com\/fr\/nos-envois\/","name":"Nos envois - Totem MT","isPartOf":{"@id":"https:\/\/www.totemmt.com\/#website"},"datePublished":"2018-10-29T16:23:00+00:00","dateModified":"2025-10-21T08:34:27+00:00","description":"Here you will find shipping info of Totem MT climbing gear store.","breadcrumb":{"@id":"https:\/\/www.totemmt.com\/fr\/nos-envois\/#breadcrumb"},"inLanguage":"fr-FR","potentialAction":[{"@type":"ReadAction","target":["https:\/\/www.totemmt.com\/fr\/nos-envois\/"]}]},{"@type":"BreadcrumbList","@id":"https:\/\/www.totemmt.com\/fr\/nos-envois\/#breadcrumb","itemListElement":[{"@type":"ListItem","position":1,"name":"Home","item":"https:\/\/www.totemmt.com\/fr\/"},{"@type":"ListItem","position":2,"name":"Nos envois"}]},{"@type":"WebSite","@id":"https:\/\/www.totemmt.com\/#website","url":"https:\/\/www.totemmt.com\/","name":"Totem MT","description":"Totem MT","publisher":{"@id":"https:\/\/www.totemmt.com\/#organization"},"potentialAction":[{"@type":"SearchAction","target":{"@type":"EntryPoint","urlTemplate":"https:\/\/www.totemmt.com\/?s={search_term_string}"},"query-input":{"@type":"PropertyValueSpecification","valueRequired":true,"valueName":"search_term_string"}}],"inLanguage":"fr-FR"},{"@type":"Organization","@id":"https:\/\/www.totemmt.com\/#organization","name":"Totem MT","url":"https:\/\/www.totemmt.com\/","logo":{"@type":"ImageObject","inLanguage":"fr-FR","@id":"https:\/\/www.totemmt.com\/#\/schema\/logo\/image\/","url":"https:\/\/www.totemmt.com\/wp-content\/uploads\/2018\/05\/TotemLogo.png","contentUrl":"https:\/\/www.totemmt.com\/wp-content\/uploads\/2018\/05\/TotemLogo.png","width":364,"height":138,"caption":"Totem MT"},"image":{"@id":"https:\/\/www.totemmt.com\/#\/schema\/logo\/image\/"},"sameAs":["https:\/\/www.facebook.com\/totemcams","https:\/\/x.com\/totemmt","https:\/\/instagram.com\/totemmt\/","https:\/\/www.youtube.com\/totemmt"]}]}},"_links":{"self":[{"href":"https:\/\/www.totemmt.com\/fr\/wp-json\/wp\/v2\/pages\/8381","targetHints":{"allow":["GET"]}}],"collection":[{"href":"https:\/\/www.totemmt.com\/fr\/wp-json\/wp\/v2\/pages"}],"about":[{"href":"https:\/\/www.totemmt.com\/fr\/wp-json\/wp\/v2\/types\/page"}],"author":[{"embeddable":true,"href":"https:\/\/www.totemmt.com\/fr\/wp-json\/wp\/v2\/users\/1"}],"replies":[{"embeddable":true,"href":"https:\/\/www.totemmt.com\/fr\/wp-json\/wp\/v2\/comments?post=8381"}],"version-history":[{"count":17,"href":"https:\/\/www.totemmt.com\/fr\/wp-json\/wp\/v2\/pages\/8381\/revisions"}],"predecessor-version":[{"id":21453,"href":"https:\/\/www.totemmt.com\/fr\/wp-json\/wp\/v2\/pages\/8381\/revisions\/21453"}],"wp:attachment":[{"href":"https:\/\/www.totemmt.com\/fr\/wp-json\/wp\/v2\/media?parent=8381"}],"curies":[{"name":"wp","href":"https:\/\/api.w.org\/{rel}","templated":true}]}}