{"id":8335,"date":"2018-10-09T13:50:00","date_gmt":"2018-10-09T13:50:00","guid":{"rendered":"https:\/\/www.totemmt.com\/product\/totem-cam\/"},"modified":"2026-05-05T12:04:27","modified_gmt":"2026-05-05T12:04:27","slug":"totem-cam","status":"publish","type":"product","link":"https:\/\/www.totemmt.com\/fr\/produit\/totem-cam\/","title":{"rendered":"Totem Cam"},"content":{"rendered":"<h4>DESCRIPTION<\/h4>\n<p>Son design unique prend soin des moindres d\u00e9tails que l&#8217;on peut attendre d&#8217;un coinceur m\u00e9canique. En \u00e9largissant par sa conception les possibilit\u00e9s de placement, il est de fait l&#8217;outil le plus appropri\u00e9 pour les escalades exigeantes. Une technologie qui change la fa\u00e7on de faire face aux d\u00e9fis. Caract\u00e9ristiques:<\/p>\n<p><i class=\"fa fa-check\" aria-hidden=\"true\"><\/i> Excellente capacit\u00e9 d\u2019adh\u00e9rence.<br \/>\n<i class=\"fa fa-check\" aria-hidden=\"true\"><\/i> Largeur de t\u00eate bien proportionn\u00e9e, avec une t\u00eate plus \u00e9troite pour les petites tailles.<br \/>\n<i class=\"fa fa-check\" aria-hidden=\"true\"><\/i> Possibilit\u00e9 de charger uniquement 2 cames. Lire les <a href=\"https:\/\/www.totemmt.com\/documents\/TotemCam_Instructions_For_Use.pdf\">Consignes d&#8217;Utilisation!<\/a><br \/>\n<i class=\"fa fa-check\" aria-hidden=\"true\"><\/i> Excellente stabilit\u00e9, gr\u00e2ce \u00e0 bonne flexibilit\u00e9 et un puissant ressort.<br \/>\n<i class=\"fa fa-check\" aria-hidden=\"true\"><\/i> Facile \u00e0 r\u00e9cup\u00e9rer<br \/>\n<i class=\"fa fa-check\" aria-hidden=\"true\"><\/i> Utilisation facile m\u00eame avec des gants.<br \/>\n<i class=\"fa fa-check\" aria-hidden=\"true\"><\/i> Bonne gamme d&#8217;expansion (1.64:1).<br \/>\n<i class=\"fa fa-check\" aria-hidden=\"true\"><\/i> L\u00e9ger et r\u00e9sistant.<br \/>\n<i class=\"fa fa-warning\" aria-hidden=\"true\"><\/i> Non utilisable comme coinceur passif<\/p>\n<h4>INFOS TECHNIQUES<\/h4>\n<table class=\"product-table\">\n<tbody>\n<tr>\n<td><strong>Taille<\/strong><\/td>\n<td><strong>Mesure<\/strong><\/td>\n<td><strong>R\u00e9sistance<\/strong><\/td>\n<td><strong>Poids<\/strong><\/td>\n<\/tr>\n<tr>\n<td>0.50 (noire)<\/td>\n<td>0.46-0.74&#8243;<br \/>\n11,7-18,9mm<\/td>\n<td>6KN<\/td>\n<td>69gr<\/td>\n<\/tr>\n<tr>\n<td>0.65 (bleu)<\/td>\n<td>0.54-0.89&#8243;<br \/>\n13,8-22,5mm<\/td>\n<td>8KN<\/td>\n<td>75gr<\/td>\n<\/tr>\n<tr>\n<td>0.80 (jaune)<\/td>\n<td>0.67-1.09&#8243;<br \/>\n17-27,7mm<\/td>\n<td>9KN<\/td>\n<td>83gr<\/td>\n<\/tr>\n<tr>\n<td>1.00 (violet)<\/td>\n<td>0.82-1.35&#8243;<br \/>\n20,9-34,2mm<\/td>\n<td>10KN<\/td>\n<td>95gr<\/td>\n<\/tr>\n<tr>\n<td>1.25 (vert)<\/td>\n<td>1.01-1.67&#8243;<br \/>\n25,7-42,3mm<\/td>\n<td>13KN<\/td>\n<td>109gr<\/td>\n<\/tr>\n<tr>\n<td>1.50 (rouge)<\/td>\n<td>1.24-2.06&#8243;<br \/>\n31,6-52,2mm<\/td>\n<td>13KN<\/td>\n<td>132gr<\/td>\n<\/tr>\n<tr>\n<td>1.80 (orange)<\/td>\n<td>1.56-2.53&#8243;<br \/>\n39,7-64,2mm<\/td>\n<td>13KN<\/td>\n<td>144gr<\/td>\n<\/tr>\n<\/tbody>\n<\/table>\n<h4>TELECHARGEMENTS<\/h4>\n<p><a href=\"https:\/\/www.totemmt.com\/documents\/TotemCam_Instructions_For_Use.pdf\" rel=\"noopener\"><i class=\"fa fa-file-pdf-o\" aria-hidden=\"true\"><\/i> Consignes D&#8217;Utilisation (603Kb)<\/a><br \/>\n<a href=\"https:\/\/www.totemmt.com\/documents\/EU_declaration_of_conformity_TotemCam.pdf\"><i class=\"fa fa-file-pdf-o\" aria-hidden=\"true\"><\/i> Certificat de conformit\u00e9 UE (287Kb)<\/a><br \/>\n<a href=\"https:\/\/www.totemmt.com\/wp-content\/uploads\/2018\/09\/TotemCam_LoadingTwoLobes_En.pdf\"><i class=\"fa fa-file-pdf-o\" aria-hidden=\"true\"><\/i> Utiliser seulement deux cames (136Kb)<\/a><br \/>\n<a href=\"https:\/\/www.totemmt.com\/wp-content\/uploads\/2018\/09\/TotemCam_Mechanical_Principles.pdf\"><i class=\"fa fa-file-pdf-o\" aria-hidden=\"true\"><\/i> Principes m\u00e9caniques (390Kb)<\/a><br \/>\n<a href=\"https:\/\/www.totemmt.com\/wp-content\/uploads\/TotemCam_repair\/Totem_MT_repair_form.pdf\"><i class=\"fa fa-file-pdf-o\" aria-hidden=\"true\"><\/i> Formulaire de r\u00e9paration (210Kb)<\/a><\/p>\n","protected":false},"excerpt":{"rendered":"<div class=\"row\">\n<div class=\"column1 product-slider-ezkutatzeko\">\n<div class=\"bxslider-totem-cam\">\n<div>\n<p><img decoding=\"async\" alt=\"Totem Cam 0.50\" src=\"https:\/\/www.totemmt.com\/wp-content\/uploads\/2020\/04\/TotemCam050_product.jpg\" \/><\/p>\n<div>\n<p class=\"bxslider-zoom\"><a href=\"https:\/\/www.totemmt.com\/wp-content\/uploads\/2020\/04\/TotemCam050_product.jpg\" data-fancybox=\"totemcam050\"><i class=\"fa fa-2x fa-search-plus\" aria-hidden=\"true\"><\/i><br \/>\n<\/a><\/p>\n<\/div>\n<\/div>\n<div>\n<p><img decoding=\"async\" alt=\"Totem Cam 0.65\" src=\"https:\/\/www.totemmt.com\/wp-content\/uploads\/2020\/04\/TotemCam065_product.jpg\" \/><\/p>\n<div>\n<p class=\"bxslider-zoom\"><a href=\"https:\/\/www.totemmt.com\/wp-content\/uploads\/2020\/04\/TotemCam065_product.jpg\" data-fancybox=\"totemcam065\"><i class=\"fa fa-2x fa-search-plus\" aria-hidden=\"true\"><\/i><br \/>\n<\/a><\/p>\n<\/div>\n<\/div>\n<div>\n<p><img decoding=\"async\" alt=\"Totem Cam 0.80\" src=\"https:\/\/www.totemmt.com\/wp-content\/uploads\/2020\/04\/TotemCam080_product.jpg\" \/><\/p>\n<div>\n<p class=\"bxslider-zoom\"><a href=\"https:\/\/www.totemmt.com\/wp-content\/uploads\/2020\/04\/TotemCam080_product.jpg\" data-fancybox=\"totemcam080\"><i class=\"fa fa-2x fa-search-plus\" aria-hidden=\"true\"><\/i><br \/>\n<\/a><\/p>\n<\/div>\n<\/div>\n<div>\n<p><img decoding=\"async\" alt=\"Totem Cam 1.00\" src=\"https:\/\/www.totemmt.com\/wp-content\/uploads\/2018\/10\/TotemCam100_product.jpg\" \/><\/p>\n<div>\n<p class=\"bxslider-zoom\"><a href=\"https:\/\/www.totemmt.com\/wp-content\/uploads\/2018\/10\/TotemCam100_product.jpg\" data-fancybox=\"totemcam100\"><i class=\"fa fa-2x fa-search-plus\" aria-hidden=\"true\"><\/i><br \/>\n<\/a><\/p>\n<\/div>\n<\/div>\n<div>\n<p><img decoding=\"async\" alt=\"Totem Cam 1.25\" src=\"https:\/\/www.totemmt.com\/wp-content\/uploads\/2018\/10\/TotemCam125_product.jpg\" \/><\/p>\n<div>\n<p class=\"bxslider-zoom\"><a href=\"https:\/\/www.totemmt.com\/wp-content\/uploads\/2018\/10\/TotemCam125_product.jpg\" data-fancybox=\"totemcam125\"><i class=\"fa fa-2x fa-search-plus\" aria-hidden=\"true\"><\/i><br \/>\n<\/a><\/p>\n<\/div>\n<\/div>\n<div>\n<p><img decoding=\"async\" alt=\"Totem Cam 1.50\" src=\"https:\/\/www.totemmt.com\/wp-content\/uploads\/2018\/10\/TotemCam150_product.jpg\" \/><\/p>\n<div>\n<p class=\"bxslider-zoom\"><a href=\"https:\/\/www.totemmt.com\/wp-content\/uploads\/2018\/10\/TotemCam150_product.jpg\" data-fancybox=\"totemcam150\"><i class=\"fa fa-2x fa-search-plus\" aria-hidden=\"true\"><\/i><br \/>\n<\/a><\/p>\n<\/div>\n<\/div>\n<div>\n<p><img decoding=\"async\" alt=\"Totem Cam 1.80\" src=\"https:\/\/www.totemmt.com\/wp-content\/uploads\/2018\/10\/TotemCam180_product.jpg\" \/><\/p>\n<div>\n<p class=\"bxslider-zoom\"><a href=\"https:\/\/www.totemmt.com\/wp-content\/uploads\/2018\/10\/TotemCam180_product.jpg\" data-fancybox=\"totemcam180\"><i class=\"fa fa-2x fa-search-plus\" aria-hidden=\"true\"><\/i><br \/>\n<\/a><\/p>\n<\/div>\n<\/div>\n<\/div>\n<div class=\"bx-pager-totem-cam\">\n<div class=\"bx-pager-totem-cam-title\">\n<div class=\"invisible\">0.50<\/div>\n<div class=\"invisible\">0.65<\/div>\n<div class=\"invisible\">0.80<\/div>\n<div class=\"invisible\">1.00<\/div>\n<div class=\"invisible\">1.25<\/div>\n<div class=\"invisible\">1.50<\/div>\n<div>Taille:<\/div>\n<\/div>\n<div id=\"bx-pager-totem-cam\">\n<div><a href=\"\" data-slide-index=\"0\" href=\"\">0.50<\/a><\/div>\n<div><a href=\"\" data-slide-index=\"1\" href=\"\">0.65<\/a><\/div>\n<div><a href=\"\" data-slide-index=\"2\" href=\"\">0.80<\/a><\/div>\n<div><a href=\"\" data-slide-index=\"3\" href=\"\">1.00<\/a><\/div>\n<div><a href=\"\" data-slide-index=\"4\" href=\"\">1.25<\/a><\/div>\n<div><a href=\"\" data-slide-index=\"5\" href=\"\">1.50<\/a><\/div>\n<div><a href=\"\" data-slide-index=\"6\" href=\"\">1.80<\/a><\/div>\n<\/div>\n<\/div>\n<\/div>\n<div class=\"column2\">Le Totem Cam offre une adh\u00e9rence extraordinaire et des propri\u00e9t\u00e9s uniques gr\u00e2ce \u00e0 son syst\u00e8me brevet\u00e9.<\/div>\n<\/div>\n","protected":false},"featured_media":0,"comment_status":"open","ping_status":"closed","template":"","meta":[],"product_brand":[],"product_cat":[125],"product_tag":[],"class_list":{"0":"post-8335","1":"product","2":"type-product","3":"status-publish","5":"product_cat-bulkcart-fr","7":"first","8":"instock","9":"taxable","10":"shipping-taxable","11":"purchasable","12":"product-type-variable"},"yoast_head":"<!-- This site is optimized with the Yoast SEO plugin v25.8 - https:\/\/yoast.com\/wordpress\/plugins\/seo\/ -->\n<title>Totem Cam - Totem MT<\/title>\n<meta name=\"description\" content=\"Le Totem Cam offre une adh\u00e9rence extraordinaire et des propri\u00e9t\u00e9s uniques gr\u00e2ce \u00e0 son syst\u00e8me brevet\u00e9.\" \/>\n<meta name=\"robots\" content=\"index, follow, max-snippet:-1, max-image-preview:large, max-video-preview:-1\" \/>\n<link rel=\"canonical\" href=\"https:\/\/www.totemmt.com\/fr\/produit\/totem-cam\/\" \/>\n<meta property=\"og:locale\" content=\"fr_FR\" \/>\n<meta property=\"og:type\" content=\"article\" \/>\n<meta property=\"og:title\" content=\"Totem Cam - Totem MT\" \/>\n<meta property=\"og:description\" content=\"Le Totem Cam offre une adh\u00e9rence extraordinaire et des propri\u00e9t\u00e9s uniques gr\u00e2ce \u00e0 son syst\u00e8me brevet\u00e9.\" \/>\n<meta property=\"og:url\" content=\"https:\/\/www.totemmt.com\/fr\/produit\/totem-cam\/\" \/>\n<meta property=\"og:site_name\" content=\"Totem MT\" \/>\n<meta property=\"article:publisher\" content=\"https:\/\/www.facebook.com\/totemcams\" \/>\n<meta property=\"article:modified_time\" content=\"2026-05-05T12:04:27+00:00\" \/>\n<meta name=\"twitter:card\" content=\"summary_large_image\" \/>\n<meta name=\"twitter:site\" content=\"@totemmt\" \/>\n<meta name=\"twitter:label1\" content=\"Est. reading time\" \/>\n\t<meta name=\"twitter:data1\" content=\"1 minute\" \/>\n<script type=\"application\/ld+json\" class=\"yoast-schema-graph\">{\"@context\":\"https:\/\/schema.org\",\"@graph\":[{\"@type\":\"WebPage\",\"@id\":\"https:\/\/www.totemmt.com\/fr\/produit\/totem-cam\/\",\"url\":\"https:\/\/www.totemmt.com\/fr\/produit\/totem-cam\/\",\"name\":\"Totem Cam - Totem MT\",\"isPartOf\":{\"@id\":\"https:\/\/www.totemmt.com\/#website\"},\"datePublished\":\"2018-10-09T13:50:00+00:00\",\"dateModified\":\"2026-05-05T12:04:27+00:00\",\"description\":\"Le Totem Cam offre une adh\u00e9rence extraordinaire et des propri\u00e9t\u00e9s uniques gr\u00e2ce \u00e0 son syst\u00e8me brevet\u00e9.\",\"breadcrumb\":{\"@id\":\"https:\/\/www.totemmt.com\/fr\/produit\/totem-cam\/#breadcrumb\"},\"inLanguage\":\"fr-FR\",\"potentialAction\":[{\"@type\":\"ReadAction\",\"target\":[\"https:\/\/www.totemmt.com\/fr\/produit\/totem-cam\/\"]}]},{\"@type\":\"BreadcrumbList\",\"@id\":\"https:\/\/www.totemmt.com\/fr\/produit\/totem-cam\/#breadcrumb\",\"itemListElement\":[{\"@type\":\"ListItem\",\"position\":1,\"name\":\"Home\",\"item\":\"https:\/\/www.totemmt.com\/fr\/\"},{\"@type\":\"ListItem\",\"position\":2,\"name\":\"Boutique\",\"item\":\"https:\/\/www.totemmt.com\/fr\/boutique\/\"},{\"@type\":\"ListItem\",\"position\":3,\"name\":\"Totem Cam\"}]},{\"@type\":\"WebSite\",\"@id\":\"https:\/\/www.totemmt.com\/#website\",\"url\":\"https:\/\/www.totemmt.com\/\",\"name\":\"Totem MT\",\"description\":\"Totem MT\",\"publisher\":{\"@id\":\"https:\/\/www.totemmt.com\/#organization\"},\"potentialAction\":[{\"@type\":\"SearchAction\",\"target\":{\"@type\":\"EntryPoint\",\"urlTemplate\":\"https:\/\/www.totemmt.com\/?s={search_term_string}\"},\"query-input\":{\"@type\":\"PropertyValueSpecification\",\"valueRequired\":true,\"valueName\":\"search_term_string\"}}],\"inLanguage\":\"fr-FR\"},{\"@type\":\"Organization\",\"@id\":\"https:\/\/www.totemmt.com\/#organization\",\"name\":\"Totem MT\",\"url\":\"https:\/\/www.totemmt.com\/\",\"logo\":{\"@type\":\"ImageObject\",\"inLanguage\":\"fr-FR\",\"@id\":\"https:\/\/www.totemmt.com\/#\/schema\/logo\/image\/\",\"url\":\"https:\/\/www.totemmt.com\/wp-content\/uploads\/2018\/05\/TotemLogo.png\",\"contentUrl\":\"https:\/\/www.totemmt.com\/wp-content\/uploads\/2018\/05\/TotemLogo.png\",\"width\":364,\"height\":138,\"caption\":\"Totem MT\"},\"image\":{\"@id\":\"https:\/\/www.totemmt.com\/#\/schema\/logo\/image\/\"},\"sameAs\":[\"https:\/\/www.facebook.com\/totemcams\",\"https:\/\/x.com\/totemmt\",\"https:\/\/instagram.com\/totemmt\/\",\"https:\/\/www.youtube.com\/totemmt\"]}]}<\/script>\n<!-- \/ Yoast SEO plugin. -->","yoast_head_json":{"title":"Totem Cam - Totem MT","description":"Le Totem Cam offre une adh\u00e9rence extraordinaire et des propri\u00e9t\u00e9s uniques gr\u00e2ce \u00e0 son syst\u00e8me brevet\u00e9.","robots":{"index":"index","follow":"follow","max-snippet":"max-snippet:-1","max-image-preview":"max-image-preview:large","max-video-preview":"max-video-preview:-1"},"canonical":"https:\/\/www.totemmt.com\/fr\/produit\/totem-cam\/","og_locale":"fr_FR","og_type":"article","og_title":"Totem Cam - Totem MT","og_description":"Le Totem Cam offre une adh\u00e9rence extraordinaire et des propri\u00e9t\u00e9s uniques gr\u00e2ce \u00e0 son syst\u00e8me brevet\u00e9.","og_url":"https:\/\/www.totemmt.com\/fr\/produit\/totem-cam\/","og_site_name":"Totem MT","article_publisher":"https:\/\/www.facebook.com\/totemcams","article_modified_time":"2026-05-05T12:04:27+00:00","twitter_card":"summary_large_image","twitter_site":"@totemmt","twitter_misc":{"Est. reading time":"1 minute"},"schema":{"@context":"https:\/\/schema.org","@graph":[{"@type":"WebPage","@id":"https:\/\/www.totemmt.com\/fr\/produit\/totem-cam\/","url":"https:\/\/www.totemmt.com\/fr\/produit\/totem-cam\/","name":"Totem Cam - Totem MT","isPartOf":{"@id":"https:\/\/www.totemmt.com\/#website"},"datePublished":"2018-10-09T13:50:00+00:00","dateModified":"2026-05-05T12:04:27+00:00","description":"Le Totem Cam offre une adh\u00e9rence extraordinaire et des propri\u00e9t\u00e9s uniques gr\u00e2ce \u00e0 son syst\u00e8me brevet\u00e9.","breadcrumb":{"@id":"https:\/\/www.totemmt.com\/fr\/produit\/totem-cam\/#breadcrumb"},"inLanguage":"fr-FR","potentialAction":[{"@type":"ReadAction","target":["https:\/\/www.totemmt.com\/fr\/produit\/totem-cam\/"]}]},{"@type":"BreadcrumbList","@id":"https:\/\/www.totemmt.com\/fr\/produit\/totem-cam\/#breadcrumb","itemListElement":[{"@type":"ListItem","position":1,"name":"Home","item":"https:\/\/www.totemmt.com\/fr\/"},{"@type":"ListItem","position":2,"name":"Boutique","item":"https:\/\/www.totemmt.com\/fr\/boutique\/"},{"@type":"ListItem","position":3,"name":"Totem Cam"}]},{"@type":"WebSite","@id":"https:\/\/www.totemmt.com\/#website","url":"https:\/\/www.totemmt.com\/","name":"Totem MT","description":"Totem MT","publisher":{"@id":"https:\/\/www.totemmt.com\/#organization"},"potentialAction":[{"@type":"SearchAction","target":{"@type":"EntryPoint","urlTemplate":"https:\/\/www.totemmt.com\/?s={search_term_string}"},"query-input":{"@type":"PropertyValueSpecification","valueRequired":true,"valueName":"search_term_string"}}],"inLanguage":"fr-FR"},{"@type":"Organization","@id":"https:\/\/www.totemmt.com\/#organization","name":"Totem MT","url":"https:\/\/www.totemmt.com\/","logo":{"@type":"ImageObject","inLanguage":"fr-FR","@id":"https:\/\/www.totemmt.com\/#\/schema\/logo\/image\/","url":"https:\/\/www.totemmt.com\/wp-content\/uploads\/2018\/05\/TotemLogo.png","contentUrl":"https:\/\/www.totemmt.com\/wp-content\/uploads\/2018\/05\/TotemLogo.png","width":364,"height":138,"caption":"Totem MT"},"image":{"@id":"https:\/\/www.totemmt.com\/#\/schema\/logo\/image\/"},"sameAs":["https:\/\/www.facebook.com\/totemcams","https:\/\/x.com\/totemmt","https:\/\/instagram.com\/totemmt\/","https:\/\/www.youtube.com\/totemmt"]}]}},"_links":{"self":[{"href":"https:\/\/www.totemmt.com\/fr\/wp-json\/wp\/v2\/product\/8335","targetHints":{"allow":["GET"]}}],"collection":[{"href":"https:\/\/www.totemmt.com\/fr\/wp-json\/wp\/v2\/product"}],"about":[{"href":"https:\/\/www.totemmt.com\/fr\/wp-json\/wp\/v2\/types\/product"}],"replies":[{"embeddable":true,"href":"https:\/\/www.totemmt.com\/fr\/wp-json\/wp\/v2\/comments?post=8335"}],"wp:attachment":[{"href":"https:\/\/www.totemmt.com\/fr\/wp-json\/wp\/v2\/media?parent=8335"}],"wp:term":[{"taxonomy":"product_brand","embeddable":true,"href":"https:\/\/www.totemmt.com\/fr\/wp-json\/wp\/v2\/product_brand?post=8335"},{"taxonomy":"product_cat","embeddable":true,"href":"https:\/\/www.totemmt.com\/fr\/wp-json\/wp\/v2\/product_cat?post=8335"},{"taxonomy":"product_tag","embeddable":true,"href":"https:\/\/www.totemmt.com\/fr\/wp-json\/wp\/v2\/product_tag?post=8335"}],"curies":[{"name":"wp","href":"https:\/\/api.w.org\/{rel}","templated":true}]}}