{"id":8251,"date":"2018-10-09T13:50:00","date_gmt":"2018-10-09T13:50:00","guid":{"rendered":"https:\/\/www.totemmt.com\/product\/totem-cam\/"},"modified":"2026-03-03T17:48:36","modified_gmt":"2026-03-03T17:48:36","slug":"totem-cam","status":"publish","type":"product","link":"https:\/\/www.totemmt.com\/it\/prodotto\/totem-cam\/","title":{"rendered":"Totem Cam"},"content":{"rendered":"<h4>DESCRIZIONE<\/h4>\n<p>Totem Cam offre un&#8217;eccezionale capacit\u00e0 di presa e versatilit\u00e0 di utilizzo grazie al suo brevettato sistema &#8220;Direct Loading Camming Device. Design esclusivo dove ci si \u00e8 presi cura di tutto quello che si possa richiedere da un friend, per un uso universale e un\u2019ampia gamma di piazzamenti, rendendolo il pi\u00f9 appropriato per i trad climbers pi\u00f9 esigenti. La tecnologia che sta cambiando il modo di affrontare le sfide pi\u00f9 impegnative. Caratteristiche:<\/p>\n<p><i class=\"fa fa-check\" aria-hidden=\"true\"><\/i> Grande capacit\u00e1 di tenuta.<br \/>\n<i class=\"fa fa-check\" aria-hidden=\"true\"><\/i> Testa della camma perfettamente dimensionata con una testa pi\u00f9 stretta per le misure pi\u00f9 piccole.<br \/>\n<i class=\"fa fa-check\" aria-hidden=\"true\"><\/i> Caricabili anche solo su due camme. Leggere le <a href=\"https:\/\/www.totemmt.com\/documents\/TotemCam_Instructions_For_Use.pdf\">istruzioni di utilizzo!.<\/a><br \/>\n<i class=\"fa fa-check\" aria-hidden=\"true\"><\/i> Minore possibilit\u00e1 di fuoriuscita della protezione grazie alla potenti molle ed alla elevata flessibilit\u00e1.<br \/>\n<i class=\"fa fa-check\" aria-hidden=\"true\"><\/i> facile da recuperare.<br \/>\n<i class=\"fa fa-check\" aria-hidden=\"true\"><\/i> Facili da maneggiare anche con i guanti.<br \/>\n<i class=\"fa fa-check\" aria-hidden=\"true\"><\/i> Grande range di espansione (1.64:1).<br \/>\n<i class=\"fa fa-check\" aria-hidden=\"true\"><\/i> Leggero e resistente nel tempo.<br \/>\n<i class=\"fa fa-warning\" aria-hidden=\"true\"><\/i> Non adatto a usarli come nut.<\/p>\n<h4>SPECIFICHE<\/h4>\n<table class=\"product-table\">\n<tbody>\n<tr>\n<td><strong>Taglia<\/strong><\/td>\n<td><strong>Misura<\/strong><\/td>\n<td><strong>Resistenza<\/strong><\/td>\n<td><strong>Peso<\/strong><\/td>\n<\/tr>\n<tr>\n<td>0.50 (nero)<\/td>\n<td>0.46-0.74&#8243;<br \/>\n11,7-18,9mm<\/td>\n<td>6KN<\/td>\n<td>69gr<\/td>\n<\/tr>\n<tr>\n<td>0.65 (blu)<\/td>\n<td>0.54-0.89&#8243;<br \/>\n13,8-22,5mm<\/td>\n<td>8KN<\/td>\n<td>75gr<\/td>\n<\/tr>\n<tr>\n<td>0.80 (giallo)<\/td>\n<td>0.67-1.09&#8243;<br \/>\n17-27,7mm<\/td>\n<td>9KN<\/td>\n<td>83gr<\/td>\n<\/tr>\n<tr>\n<td>1.00 (viola)<\/td>\n<td>0.82-1.35&#8243;<br \/>\n20,9-34,2mm<\/td>\n<td>10KN<\/td>\n<td>95gr<\/td>\n<\/tr>\n<tr>\n<td>1.25 (verde)<\/td>\n<td>1.01-1.67&#8243;<br \/>\n25,7-42,3mm<\/td>\n<td>13KN<\/td>\n<td>109gr<\/td>\n<\/tr>\n<tr>\n<td>1.50 (rosso)<\/td>\n<td>1.24-2.06&#8243;<br \/>\n31,6-52,2mm<\/td>\n<td>13KN<\/td>\n<td>132gr<\/td>\n<\/tr>\n<tr>\n<td>1.80 (arancio)<\/td>\n<td>1.56-2.53&#8243;<br \/>\n39,7-64,2mm<\/td>\n<td>13KN<\/td>\n<td>144gr<\/td>\n<\/tr>\n<\/tbody>\n<\/table>\n<h4>SCARICA<\/h4>\n<p><a href=\"https:\/\/www.totemmt.com\/documents\/TotemCam_Instructions_For_Use.pdf\" rel=\"noopener\"><i class=\"fa fa-file-pdf-o\" aria-hidden=\"true\"><\/i> Istruzioni di utilizzo (603Kb)<\/a><br \/>\n<a href=\"https:\/\/www.totemmt.com\/documents\/EU_declaration_of_conformity_TotemCam.pdf\"><i class=\"fa fa-file-pdf-o\" aria-hidden=\"true\"><\/i> Certificato di conformit\u00e0 UE (287Kb)<\/a><br \/>\n<a href=\"https:\/\/www.totemmt.com\/wp-content\/uploads\/2018\/09\/TotemCam_LoadingTwoLobes_En.pdf\"><i class=\"fa fa-file-pdf-o\" aria-hidden=\"true\"><\/i> Caricamento su due camme (136Kb)<\/a><br \/>\n<a href=\"https:\/\/www.totemmt.com\/wp-content\/uploads\/2018\/09\/TotemCam_Mechanical_Principles.pdf\"><i class=\"fa fa-file-pdf-o\" aria-hidden=\"true\"><\/i> Principi meccanici (390Kb)<\/a><br \/>\n<a href=\"https:\/\/www.totemmt.com\/wp-content\/uploads\/TotemCam_repair\/Totem_MT_repair_form.pdf\"><i class=\"fa fa-file-pdf-o\" aria-hidden=\"true\"><\/i> Modulo di riparazione (English 210Kb)<\/a><\/p>\n","protected":false},"excerpt":{"rendered":"<div class=\"row\">\n<div class=\"column1 product-slider-ezkutatzeko\">\n<div class=\"bxslider-totem-cam\">\n<div>\n<p><img decoding=\"async\" alt=\"Totem Cam 0.50\" src=\"https:\/\/www.totemmt.com\/wp-content\/uploads\/2020\/04\/TotemCam050_product.jpg\" \/><\/p>\n<div>\n<p class=\"bxslider-zoom\"><a href=\"https:\/\/www.totemmt.com\/wp-content\/uploads\/2020\/04\/TotemCam050_product.jpg\" data-fancybox=\"totemcam050\"><i class=\"fa fa-2x fa-search-plus\" aria-hidden=\"true\"><\/i><br \/>\n<\/a><\/p>\n<\/div>\n<\/div>\n<div>\n<p><img decoding=\"async\" alt=\"Totem Cam 0.65\" src=\"https:\/\/www.totemmt.com\/wp-content\/uploads\/2020\/04\/TotemCam065_product.jpg\" \/><\/p>\n<div>\n<p class=\"bxslider-zoom\"><a href=\"https:\/\/www.totemmt.com\/wp-content\/uploads\/2018\/10\/TotemCam065_product.jpg\" data-fancybox=\"totemcam065\"><i class=\"fa fa-2x fa-search-plus\" aria-hidden=\"true\"><\/i><br \/>\n<\/a><\/p>\n<\/div>\n<\/div>\n<div>\n<p><img decoding=\"async\" alt=\"Totem Cam 0.80\" src=\"https:\/\/www.totemmt.com\/wp-content\/uploads\/2020\/04\/TotemCam080_product.jpg\" \/><\/p>\n<div>\n<p class=\"bxslider-zoom\"><a href=\"https:\/\/www.totemmt.com\/wp-content\/uploads\/2020\/04\/TotemCam080_product.jpg\" data-fancybox=\"totemcam080\"><i class=\"fa fa-2x fa-search-plus\" aria-hidden=\"true\"><\/i><br \/>\n<\/a><\/p>\n<\/div>\n<\/div>\n<div>\n<p><img decoding=\"async\" alt=\"Totem Cam 1.00\" src=\"https:\/\/www.totemmt.com\/wp-content\/uploads\/2018\/10\/TotemCam100_product.jpg\" \/><\/p>\n<div>\n<p class=\"bxslider-zoom\"><a href=\"https:\/\/www.totemmt.com\/wp-content\/uploads\/2018\/10\/TotemCam100_product.jpg\" data-fancybox=\"totemcam100\"><i class=\"fa fa-2x fa-search-plus\" aria-hidden=\"true\"><\/i><br \/>\n<\/a><\/p>\n<\/div>\n<\/div>\n<div>\n<p><img decoding=\"async\" alt=\"Totem Cam 1.25\" src=\"https:\/\/www.totemmt.com\/wp-content\/uploads\/2018\/10\/TotemCam125_product.jpg\" \/><\/p>\n<div>\n<p class=\"bxslider-zoom\"><a href=\"https:\/\/www.totemmt.com\/wp-content\/uploads\/2018\/10\/TotemCam125_product.jpg\" data-fancybox=\"totemcam125\"><i class=\"fa fa-2x fa-search-plus\" aria-hidden=\"true\"><\/i><br \/>\n<\/a><\/p>\n<\/div>\n<\/div>\n<div>\n<p><img decoding=\"async\" alt=\"Totem Cam 1.50\" src=\"https:\/\/www.totemmt.com\/wp-content\/uploads\/2018\/10\/TotemCam150_product.jpg\" \/><\/p>\n<div>\n<p class=\"bxslider-zoom\"><a href=\"https:\/\/www.totemmt.com\/wp-content\/uploads\/2018\/10\/TotemCam150_product.jpg\" data-fancybox=\"totemcam150\"><i class=\"fa fa-2x fa-search-plus\" aria-hidden=\"true\"><\/i><br \/>\n<\/a><\/p>\n<\/div>\n<\/div>\n<div>\n<p><img decoding=\"async\" alt=\"Totem Cam 1.80\" src=\"https:\/\/www.totemmt.com\/wp-content\/uploads\/2018\/10\/TotemCam180_product.jpg\" \/><\/p>\n<div>\n<p class=\"bxslider-zoom\"><a href=\"https:\/\/www.totemmt.com\/wp-content\/uploads\/2018\/10\/TotemCam180_product.jpg\" data-fancybox=\"totemcam180\"><i class=\"fa fa-2x fa-search-plus\" aria-hidden=\"true\"><\/i><br \/>\n<\/a><\/p>\n<\/div>\n<\/div>\n<\/div>\n<div class=\"bx-pager-totem-cam\">\n<div class=\"bx-pager-totem-cam-title\">\n<div class=\"invisible\">0.50<\/div>\n<div class=\"invisible\">0.65<\/div>\n<div class=\"invisible\">0.80<\/div>\n<div class=\"invisible\">1.00<\/div>\n<div class=\"invisible\">1.25<\/div>\n<div class=\"invisible\">1.50<\/div>\n<div>Taglia:<\/div>\n<\/div>\n<div id=\"bx-pager-totem-cam\">\n<div><a data-slide-index=\"0\" href=\"\">0.50<\/a><\/div>\n<div><a data-slide-index=\"1\" href=\"\">0.65<\/a><\/div>\n<div><a data-slide-index=\"2\" href=\"\">0.80<\/a><\/div>\n<div><a data-slide-index=\"3\" href=\"\">1.00<\/a><\/div>\n<div><a data-slide-index=\"4\" href=\"\">1.25<\/a><\/div>\n<div><a data-slide-index=\"5\" href=\"\">1.50<\/a><\/div>\n<div><a data-slide-index=\"6\" href=\"\">1.80<\/a><\/div>\n<\/div>\n<\/div>\n<\/div>\n<div class=\"column2\">Le camme pi\u00f9 avanzate. Design esclusivo che offre capacit\u00e0 di tenuta superiori. Il nucleo della attrezzatura per qualsiasi arrampicata tradizionale.<\/div>\n<\/div>\n","protected":false},"featured_media":0,"comment_status":"open","ping_status":"closed","template":"","meta":[],"product_brand":[],"product_cat":[113],"product_tag":[],"class_list":{"0":"post-8251","1":"product","2":"type-product","3":"status-publish","5":"product_cat-bulkcart-it","7":"first","8":"instock","9":"taxable","10":"shipping-taxable","11":"purchasable","12":"product-type-variable"},"yoast_head":"<!-- This site is optimized with the Yoast SEO plugin v25.8 - https:\/\/yoast.com\/wordpress\/plugins\/seo\/ -->\n<title>Totem Cam - Totem MT<\/title>\n<meta name=\"description\" content=\"Le camme pi\u00f9 avanzate. Design esclusivo che offre capacit\u00e0 di tenuta superiori. Il nucleo della attrezzatura per qualsiasi arrampicata tradizionale.\" \/>\n<meta name=\"robots\" content=\"index, follow, max-snippet:-1, max-image-preview:large, max-video-preview:-1\" \/>\n<link rel=\"canonical\" href=\"https:\/\/www.totemmt.com\/it\/prodotto\/totem-cam\/\" \/>\n<meta property=\"og:locale\" content=\"it_IT\" \/>\n<meta property=\"og:type\" content=\"article\" \/>\n<meta property=\"og:title\" content=\"Totem Cam - Totem MT\" \/>\n<meta property=\"og:description\" content=\"Le camme pi\u00f9 avanzate. Design esclusivo che offre capacit\u00e0 di tenuta superiori. Il nucleo della attrezzatura per qualsiasi arrampicata tradizionale.\" \/>\n<meta property=\"og:url\" content=\"https:\/\/www.totemmt.com\/it\/prodotto\/totem-cam\/\" \/>\n<meta property=\"og:site_name\" content=\"Totem MT\" \/>\n<meta property=\"article:publisher\" content=\"https:\/\/www.facebook.com\/totemcams\" \/>\n<meta property=\"article:modified_time\" content=\"2026-03-03T17:48:36+00:00\" \/>\n<meta name=\"twitter:card\" content=\"summary_large_image\" \/>\n<meta name=\"twitter:site\" content=\"@totemmt\" \/>\n<meta name=\"twitter:label1\" content=\"Est. reading time\" \/>\n\t<meta name=\"twitter:data1\" content=\"1 minuto\" \/>\n<script type=\"application\/ld+json\" class=\"yoast-schema-graph\">{\"@context\":\"https:\/\/schema.org\",\"@graph\":[{\"@type\":\"WebPage\",\"@id\":\"https:\/\/www.totemmt.com\/it\/prodotto\/totem-cam\/\",\"url\":\"https:\/\/www.totemmt.com\/it\/prodotto\/totem-cam\/\",\"name\":\"Totem Cam - Totem MT\",\"isPartOf\":{\"@id\":\"https:\/\/www.totemmt.com\/#website\"},\"datePublished\":\"2018-10-09T13:50:00+00:00\",\"dateModified\":\"2026-03-03T17:48:36+00:00\",\"description\":\"Le camme pi\u00f9 avanzate. Design esclusivo che offre capacit\u00e0 di tenuta superiori. Il nucleo della attrezzatura per qualsiasi arrampicata tradizionale.\",\"breadcrumb\":{\"@id\":\"https:\/\/www.totemmt.com\/it\/prodotto\/totem-cam\/#breadcrumb\"},\"inLanguage\":\"it-IT\",\"potentialAction\":[{\"@type\":\"ReadAction\",\"target\":[\"https:\/\/www.totemmt.com\/it\/prodotto\/totem-cam\/\"]}]},{\"@type\":\"BreadcrumbList\",\"@id\":\"https:\/\/www.totemmt.com\/it\/prodotto\/totem-cam\/#breadcrumb\",\"itemListElement\":[{\"@type\":\"ListItem\",\"position\":1,\"name\":\"Home\",\"item\":\"https:\/\/www.totemmt.com\/it\/\"},{\"@type\":\"ListItem\",\"position\":2,\"name\":\"Negozio\",\"item\":\"https:\/\/www.totemmt.com\/it\/negozio\/\"},{\"@type\":\"ListItem\",\"position\":3,\"name\":\"Totem Cam\"}]},{\"@type\":\"WebSite\",\"@id\":\"https:\/\/www.totemmt.com\/#website\",\"url\":\"https:\/\/www.totemmt.com\/\",\"name\":\"Totem MT\",\"description\":\"Totem MT\",\"publisher\":{\"@id\":\"https:\/\/www.totemmt.com\/#organization\"},\"potentialAction\":[{\"@type\":\"SearchAction\",\"target\":{\"@type\":\"EntryPoint\",\"urlTemplate\":\"https:\/\/www.totemmt.com\/?s={search_term_string}\"},\"query-input\":{\"@type\":\"PropertyValueSpecification\",\"valueRequired\":true,\"valueName\":\"search_term_string\"}}],\"inLanguage\":\"it-IT\"},{\"@type\":\"Organization\",\"@id\":\"https:\/\/www.totemmt.com\/#organization\",\"name\":\"Totem MT\",\"url\":\"https:\/\/www.totemmt.com\/\",\"logo\":{\"@type\":\"ImageObject\",\"inLanguage\":\"it-IT\",\"@id\":\"https:\/\/www.totemmt.com\/#\/schema\/logo\/image\/\",\"url\":\"https:\/\/www.totemmt.com\/wp-content\/uploads\/2018\/05\/TotemLogo.png\",\"contentUrl\":\"https:\/\/www.totemmt.com\/wp-content\/uploads\/2018\/05\/TotemLogo.png\",\"width\":364,\"height\":138,\"caption\":\"Totem MT\"},\"image\":{\"@id\":\"https:\/\/www.totemmt.com\/#\/schema\/logo\/image\/\"},\"sameAs\":[\"https:\/\/www.facebook.com\/totemcams\",\"https:\/\/x.com\/totemmt\",\"https:\/\/instagram.com\/totemmt\/\",\"https:\/\/www.youtube.com\/totemmt\"]}]}<\/script>\n<!-- \/ Yoast SEO plugin. -->","yoast_head_json":{"title":"Totem Cam - Totem MT","description":"Le camme pi\u00f9 avanzate. Design esclusivo che offre capacit\u00e0 di tenuta superiori. Il nucleo della attrezzatura per qualsiasi arrampicata tradizionale.","robots":{"index":"index","follow":"follow","max-snippet":"max-snippet:-1","max-image-preview":"max-image-preview:large","max-video-preview":"max-video-preview:-1"},"canonical":"https:\/\/www.totemmt.com\/it\/prodotto\/totem-cam\/","og_locale":"it_IT","og_type":"article","og_title":"Totem Cam - Totem MT","og_description":"Le camme pi\u00f9 avanzate. Design esclusivo che offre capacit\u00e0 di tenuta superiori. Il nucleo della attrezzatura per qualsiasi arrampicata tradizionale.","og_url":"https:\/\/www.totemmt.com\/it\/prodotto\/totem-cam\/","og_site_name":"Totem MT","article_publisher":"https:\/\/www.facebook.com\/totemcams","article_modified_time":"2026-03-03T17:48:36+00:00","twitter_card":"summary_large_image","twitter_site":"@totemmt","twitter_misc":{"Est. reading time":"1 minuto"},"schema":{"@context":"https:\/\/schema.org","@graph":[{"@type":"WebPage","@id":"https:\/\/www.totemmt.com\/it\/prodotto\/totem-cam\/","url":"https:\/\/www.totemmt.com\/it\/prodotto\/totem-cam\/","name":"Totem Cam - Totem MT","isPartOf":{"@id":"https:\/\/www.totemmt.com\/#website"},"datePublished":"2018-10-09T13:50:00+00:00","dateModified":"2026-03-03T17:48:36+00:00","description":"Le camme pi\u00f9 avanzate. Design esclusivo che offre capacit\u00e0 di tenuta superiori. Il nucleo della attrezzatura per qualsiasi arrampicata tradizionale.","breadcrumb":{"@id":"https:\/\/www.totemmt.com\/it\/prodotto\/totem-cam\/#breadcrumb"},"inLanguage":"it-IT","potentialAction":[{"@type":"ReadAction","target":["https:\/\/www.totemmt.com\/it\/prodotto\/totem-cam\/"]}]},{"@type":"BreadcrumbList","@id":"https:\/\/www.totemmt.com\/it\/prodotto\/totem-cam\/#breadcrumb","itemListElement":[{"@type":"ListItem","position":1,"name":"Home","item":"https:\/\/www.totemmt.com\/it\/"},{"@type":"ListItem","position":2,"name":"Negozio","item":"https:\/\/www.totemmt.com\/it\/negozio\/"},{"@type":"ListItem","position":3,"name":"Totem Cam"}]},{"@type":"WebSite","@id":"https:\/\/www.totemmt.com\/#website","url":"https:\/\/www.totemmt.com\/","name":"Totem MT","description":"Totem MT","publisher":{"@id":"https:\/\/www.totemmt.com\/#organization"},"potentialAction":[{"@type":"SearchAction","target":{"@type":"EntryPoint","urlTemplate":"https:\/\/www.totemmt.com\/?s={search_term_string}"},"query-input":{"@type":"PropertyValueSpecification","valueRequired":true,"valueName":"search_term_string"}}],"inLanguage":"it-IT"},{"@type":"Organization","@id":"https:\/\/www.totemmt.com\/#organization","name":"Totem MT","url":"https:\/\/www.totemmt.com\/","logo":{"@type":"ImageObject","inLanguage":"it-IT","@id":"https:\/\/www.totemmt.com\/#\/schema\/logo\/image\/","url":"https:\/\/www.totemmt.com\/wp-content\/uploads\/2018\/05\/TotemLogo.png","contentUrl":"https:\/\/www.totemmt.com\/wp-content\/uploads\/2018\/05\/TotemLogo.png","width":364,"height":138,"caption":"Totem MT"},"image":{"@id":"https:\/\/www.totemmt.com\/#\/schema\/logo\/image\/"},"sameAs":["https:\/\/www.facebook.com\/totemcams","https:\/\/x.com\/totemmt","https:\/\/instagram.com\/totemmt\/","https:\/\/www.youtube.com\/totemmt"]}]}},"_links":{"self":[{"href":"https:\/\/www.totemmt.com\/it\/wp-json\/wp\/v2\/product\/8251","targetHints":{"allow":["GET"]}}],"collection":[{"href":"https:\/\/www.totemmt.com\/it\/wp-json\/wp\/v2\/product"}],"about":[{"href":"https:\/\/www.totemmt.com\/it\/wp-json\/wp\/v2\/types\/product"}],"replies":[{"embeddable":true,"href":"https:\/\/www.totemmt.com\/it\/wp-json\/wp\/v2\/comments?post=8251"}],"wp:attachment":[{"href":"https:\/\/www.totemmt.com\/it\/wp-json\/wp\/v2\/media?parent=8251"}],"wp:term":[{"taxonomy":"product_brand","embeddable":true,"href":"https:\/\/www.totemmt.com\/it\/wp-json\/wp\/v2\/product_brand?post=8251"},{"taxonomy":"product_cat","embeddable":true,"href":"https:\/\/www.totemmt.com\/it\/wp-json\/wp\/v2\/product_cat?post=8251"},{"taxonomy":"product_tag","embeddable":true,"href":"https:\/\/www.totemmt.com\/it\/wp-json\/wp\/v2\/product_tag?post=8251"}],"curies":[{"name":"wp","href":"https:\/\/api.w.org\/{rel}","templated":true}]}}